{"id":810,"date":"2021-03-08T21:48:28","date_gmt":"2021-03-08T20:48:28","guid":{"rendered":"https:\/\/erfolgsstrategien-im-verkauf.de\/lp\/?page_id=810"},"modified":"2023-03-22T16:39:44","modified_gmt":"2023-03-22T15:39:44","slug":"karsten-hourticolon-persoenliches-3","status":"publish","type":"page","link":"https:\/\/erfolgsstrategien-im-verkauf.de\/lp\/videos\/karsten-hourticolon-persoenliches-3\/","title":{"rendered":"Karsten Hourticolon &#8211; Pers\u00f6nliches #3"},"content":{"rendered":"\t\t<div data-elementor-type=\"wp-page\" data-elementor-id=\"810\" class=\"elementor elementor-810\">\n\t\t\t\t\t\t<section class=\"elementor-section elementor-top-section elementor-element elementor-element-3ea3b30 elementor-section-boxed elementor-section-height-default elementor-section-height-default\" data-id=\"3ea3b30\" data-element_type=\"section\" data-e-type=\"section\">\n\t\t\t\t\t\t<div class=\"elementor-container elementor-column-gap-default\">\n\t\t\t\t\t<div class=\"elementor-column elementor-col-100 elementor-top-column elementor-element elementor-element-44cffbf\" data-id=\"44cffbf\" data-element_type=\"column\" data-e-type=\"column\">\n\t\t\t<div class=\"elementor-widget-wrap elementor-element-populated\">\n\t\t\t\t\t\t<div class=\"elementor-element elementor-element-cf40396 elementor-widget elementor-widget-text-editor\" data-id=\"cf40396\" data-element_type=\"widget\" data-e-type=\"widget\" data-widget_type=\"text-editor.default\">\n\t\t\t\t<div class=\"elementor-widget-container\">\n\t\t\t\t\t\t\t\t\t<h2 style=\"text-align: center\"><em>Meine tiefe Verbundenheit mit einem Satz, der Vieles \u00fcber mich sagt.<\/em><\/h2>\t\t\t\t\t\t\t\t<\/div>\n\t\t\t\t<\/div>\n\t\t\t\t\t<\/div>\n\t\t<\/div>\n\t\t\t\t\t<\/div>\n\t\t<\/section>\n\t\t\t\t<section class=\"elementor-section elementor-top-section elementor-element elementor-element-de08784 elementor-section-boxed elementor-section-height-default elementor-section-height-default\" data-id=\"de08784\" data-element_type=\"section\" data-e-type=\"section\">\n\t\t\t\t\t\t<div class=\"elementor-container elementor-column-gap-default\">\n\t\t\t\t\t<div class=\"elementor-column elementor-col-100 elementor-top-column elementor-element elementor-element-eba71c3\" data-id=\"eba71c3\" data-element_type=\"column\" data-e-type=\"column\">\n\t\t\t<div class=\"elementor-widget-wrap elementor-element-populated\">\n\t\t\t\t\t\t<div class=\"elementor-element elementor-element-36ed560 elementor-widget elementor-widget-spacer\" data-id=\"36ed560\" data-element_type=\"widget\" data-e-type=\"widget\" data-widget_type=\"spacer.default\">\n\t\t\t\t<div class=\"elementor-widget-container\">\n\t\t\t\t\t\t\t<div class=\"elementor-spacer\">\n\t\t\t<div class=\"elementor-spacer-inner\"><\/div>\n\t\t<\/div>\n\t\t\t\t\t\t<\/div>\n\t\t\t\t<\/div>\n\t\t\t\t\t<\/div>\n\t\t<\/div>\n\t\t\t\t\t<\/div>\n\t\t<\/section>\n\t\t\t\t<section class=\"elementor-section elementor-top-section elementor-element elementor-element-35ab029 elementor-section-boxed elementor-section-height-default elementor-section-height-default\" data-id=\"35ab029\" data-element_type=\"section\" data-e-type=\"section\">\n\t\t\t\t\t\t<div class=\"elementor-container elementor-column-gap-default\">\n\t\t\t\t\t<div class=\"elementor-column elementor-col-100 elementor-top-column elementor-element elementor-element-527ef45\" data-id=\"527ef45\" data-element_type=\"column\" data-e-type=\"column\">\n\t\t\t<div class=\"elementor-widget-wrap elementor-element-populated\">\n\t\t\t\t\t\t<div class=\"elementor-element elementor-element-a420758 elementor-widget elementor-widget-video\" data-id=\"a420758\" data-element_type=\"widget\" data-e-type=\"widget\" data-widget_type=\"video.default\">\n\t\t\t\t<div class=\"elementor-widget-container\">\n\t\t\t\t\t\t\t<div class=\"elementor-wrapper elementor-open-inline\">\n\t\t\t<div class=\"elementor-video\"><div class=\"BorlabsCookie _brlbs-cb-youtube\"><div class=\"_brlbs-content-blocker\"> <div class=\"_brlbs-embed _brlbs-video-youtube\"> <img decoding=\"async\" class=\"_brlbs-thumbnail\" src=\"https:\/\/erfolgsstrategien-im-verkauf.de\/lp\/wp-content\/plugins\/borlabs-cookie\/assets\/images\/cb-no-thumbnail.png\" alt=\"YouTube\"> <div class=\"_brlbs-caption\"> <p>Mit dem Laden des Videos akzeptieren Sie die Datenschutzerkl\u00e4rung von YouTube.<br><a href=\"https:\/\/policies.google.com\/privacy\" target=\"_blank\" rel=\"nofollow noopener noreferrer\">Mehr erfahren<\/a><\/p> <p><a class=\"_brlbs-btn _brlbs-icon-play-white\" href=\"#\" data-borlabs-cookie-unblock role=\"button\">Video laden<\/a><\/p> <p><label><input type=\"checkbox\" name=\"unblockAll\" value=\"1\" checked> <small>YouTube immer entsperren<\/small><\/label><\/p> <\/div> <\/div> <\/div><div class=\"borlabs-hide\" data-borlabs-cookie-type=\"content-blocker\" data-borlabs-cookie-id=\"youtube\"><script type=\"text\/template\"><\/script><\/div><\/div><\/div>\t\t<\/div>\n\t\t\t\t\t\t<\/div>\n\t\t\t\t<\/div>\n\t\t\t\t\t<\/div>\n\t\t<\/div>\n\t\t\t\t\t<\/div>\n\t\t<\/section>\n\t\t\t\t<section class=\"elementor-section elementor-top-section elementor-element elementor-element-3071de4 elementor-section-boxed elementor-section-height-default elementor-section-height-default\" data-id=\"3071de4\" data-element_type=\"section\" data-e-type=\"section\">\n\t\t\t\t\t\t<div class=\"elementor-container elementor-column-gap-default\">\n\t\t\t\t\t<div class=\"elementor-column elementor-col-100 elementor-top-column elementor-element elementor-element-b25f9e6\" data-id=\"b25f9e6\" data-element_type=\"column\" data-e-type=\"column\">\n\t\t\t<div class=\"elementor-widget-wrap elementor-element-populated\">\n\t\t\t\t\t\t<div class=\"elementor-element elementor-element-5e90f3b elementor-widget elementor-widget-spacer\" data-id=\"5e90f3b\" data-element_type=\"widget\" data-e-type=\"widget\" data-widget_type=\"spacer.default\">\n\t\t\t\t<div class=\"elementor-widget-container\">\n\t\t\t\t\t\t\t<div class=\"elementor-spacer\">\n\t\t\t<div class=\"elementor-spacer-inner\"><\/div>\n\t\t<\/div>\n\t\t\t\t\t\t<\/div>\n\t\t\t\t<\/div>\n\t\t\t\t\t<\/div>\n\t\t<\/div>\n\t\t\t\t\t<\/div>\n\t\t<\/section>\n\t\t\t\t<\/div>\n\t\t","protected":false},"excerpt":{"rendered":"<p>Meine tiefe Verbundenheit mit einem Satz, der Vieles \u00fcber mich sagt. Mit dem Laden des Videos akzeptieren Sie die Datenschutzerkl\u00e4rung von YouTube.Mehr erfahren Video laden YouTube immer entsperren<\/p>\n","protected":false},"author":2,"featured_media":0,"parent":558,"menu_order":0,"comment_status":"closed","ping_status":"closed","template":"","meta":{"inline_featured_image":false,"footnotes":""},"class_list":["post-810","page","type-page","status-publish","hentry"],"yoast_head":"<!-- This site is optimized with the Yoast SEO plugin v26.8 - https:\/\/yoast.com\/product\/yoast-seo-wordpress\/ -->\n<title>Karsten Hourticolon - Pers\u00f6nliches #3 - Erfolgsstrategien im Verkauf<\/title>\n<meta name=\"robots\" content=\"index, follow, max-snippet:-1, max-image-preview:large, max-video-preview:-1\" \/>\n<link rel=\"canonical\" href=\"https:\/\/erfolgsstrategien-im-verkauf.de\/lp\/videos\/karsten-hourticolon-persoenliches-3\/\" \/>\n<meta property=\"og:locale\" content=\"de_DE\" \/>\n<meta property=\"og:type\" content=\"article\" \/>\n<meta property=\"og:title\" content=\"Karsten Hourticolon - Pers\u00f6nliches #3 - Erfolgsstrategien im Verkauf\" \/>\n<meta property=\"og:description\" content=\"Meine tiefe Verbundenheit mit einem Satz, der Vieles \u00fcber mich sagt. Mit dem Laden des Videos akzeptieren Sie die Datenschutzerkl\u00e4rung von YouTube.Mehr erfahren Video laden YouTube immer entsperren\" \/>\n<meta property=\"og:url\" content=\"https:\/\/erfolgsstrategien-im-verkauf.de\/lp\/videos\/karsten-hourticolon-persoenliches-3\/\" \/>\n<meta property=\"og:site_name\" content=\"Erfolgsstrategien im Verkauf\" \/>\n<meta property=\"article:modified_time\" content=\"2023-03-22T15:39:44+00:00\" \/>\n<meta name=\"twitter:card\" content=\"summary_large_image\" \/>\n<meta name=\"twitter:label1\" content=\"Gesch\u00e4tzte Lesezeit\" \/>\n\t<meta name=\"twitter:data1\" content=\"1\u00a0Minute\" \/>\n<script type=\"application\/ld+json\" class=\"yoast-schema-graph\">{\"@context\":\"https:\/\/schema.org\",\"@graph\":[{\"@type\":\"WebPage\",\"@id\":\"https:\/\/erfolgsstrategien-im-verkauf.de\/lp\/videos\/karsten-hourticolon-persoenliches-3\/\",\"url\":\"https:\/\/erfolgsstrategien-im-verkauf.de\/lp\/videos\/karsten-hourticolon-persoenliches-3\/\",\"name\":\"Karsten Hourticolon - Pers\u00f6nliches #3 - Erfolgsstrategien im Verkauf\",\"isPartOf\":{\"@id\":\"https:\/\/erfolgsstrategien-im-verkauf.de\/lp\/#website\"},\"datePublished\":\"2021-03-08T20:48:28+00:00\",\"dateModified\":\"2023-03-22T15:39:44+00:00\",\"breadcrumb\":{\"@id\":\"https:\/\/erfolgsstrategien-im-verkauf.de\/lp\/videos\/karsten-hourticolon-persoenliches-3\/#breadcrumb\"},\"inLanguage\":\"de\",\"potentialAction\":[{\"@type\":\"ReadAction\",\"target\":[\"https:\/\/erfolgsstrategien-im-verkauf.de\/lp\/videos\/karsten-hourticolon-persoenliches-3\/\"]}]},{\"@type\":\"BreadcrumbList\",\"@id\":\"https:\/\/erfolgsstrategien-im-verkauf.de\/lp\/videos\/karsten-hourticolon-persoenliches-3\/#breadcrumb\",\"itemListElement\":[{\"@type\":\"ListItem\",\"position\":1,\"name\":\"Startseite\",\"item\":\"https:\/\/erfolgsstrategien-im-verkauf.de\/lp\/\"},{\"@type\":\"ListItem\",\"position\":2,\"name\":\"Vorlage Elter f\u00fcr Youtube Videos\",\"item\":\"https:\/\/erfolgsstrategien-im-verkauf.de\/lp\/videos\/\"},{\"@type\":\"ListItem\",\"position\":3,\"name\":\"Karsten Hourticolon &#8211; Pers\u00f6nliches #3\"}]},{\"@type\":\"WebSite\",\"@id\":\"https:\/\/erfolgsstrategien-im-verkauf.de\/lp\/#website\",\"url\":\"https:\/\/erfolgsstrategien-im-verkauf.de\/lp\/\",\"name\":\"Erfolgsstrategien im Verkauf\",\"description\":\"\",\"publisher\":{\"@id\":\"https:\/\/erfolgsstrategien-im-verkauf.de\/lp\/#organization\"},\"potentialAction\":[{\"@type\":\"SearchAction\",\"target\":{\"@type\":\"EntryPoint\",\"urlTemplate\":\"https:\/\/erfolgsstrategien-im-verkauf.de\/lp\/?s={search_term_string}\"},\"query-input\":{\"@type\":\"PropertyValueSpecification\",\"valueRequired\":true,\"valueName\":\"search_term_string\"}}],\"inLanguage\":\"de\"},{\"@type\":\"Organization\",\"@id\":\"https:\/\/erfolgsstrategien-im-verkauf.de\/lp\/#organization\",\"name\":\"Erfolgsstrategien im Verkauf\",\"url\":\"https:\/\/erfolgsstrategien-im-verkauf.de\/lp\/\",\"logo\":{\"@type\":\"ImageObject\",\"inLanguage\":\"de\",\"@id\":\"https:\/\/erfolgsstrategien-im-verkauf.de\/lp\/#\/schema\/logo\/image\/\",\"url\":\"https:\/\/erfolgsstrategien-im-verkauf.de\/lp\/wp-content\/uploads\/sites\/2\/2020\/11\/Logo-farbig-mit-Schatten2-400x100-1.png\",\"contentUrl\":\"https:\/\/erfolgsstrategien-im-verkauf.de\/lp\/wp-content\/uploads\/sites\/2\/2020\/11\/Logo-farbig-mit-Schatten2-400x100-1.png\",\"width\":457,\"height\":120,\"caption\":\"Erfolgsstrategien im Verkauf\"},\"image\":{\"@id\":\"https:\/\/erfolgsstrategien-im-verkauf.de\/lp\/#\/schema\/logo\/image\/\"}}]}<\/script>\n<!-- \/ Yoast SEO plugin. -->","yoast_head_json":{"title":"Karsten Hourticolon - Pers\u00f6nliches #3 - Erfolgsstrategien im Verkauf","robots":{"index":"index","follow":"follow","max-snippet":"max-snippet:-1","max-image-preview":"max-image-preview:large","max-video-preview":"max-video-preview:-1"},"canonical":"https:\/\/erfolgsstrategien-im-verkauf.de\/lp\/videos\/karsten-hourticolon-persoenliches-3\/","og_locale":"de_DE","og_type":"article","og_title":"Karsten Hourticolon - Pers\u00f6nliches #3 - Erfolgsstrategien im Verkauf","og_description":"Meine tiefe Verbundenheit mit einem Satz, der Vieles \u00fcber mich sagt. Mit dem Laden des Videos akzeptieren Sie die Datenschutzerkl\u00e4rung von YouTube.Mehr erfahren Video laden YouTube immer entsperren","og_url":"https:\/\/erfolgsstrategien-im-verkauf.de\/lp\/videos\/karsten-hourticolon-persoenliches-3\/","og_site_name":"Erfolgsstrategien im Verkauf","article_modified_time":"2023-03-22T15:39:44+00:00","twitter_card":"summary_large_image","twitter_misc":{"Gesch\u00e4tzte Lesezeit":"1\u00a0Minute"},"schema":{"@context":"https:\/\/schema.org","@graph":[{"@type":"WebPage","@id":"https:\/\/erfolgsstrategien-im-verkauf.de\/lp\/videos\/karsten-hourticolon-persoenliches-3\/","url":"https:\/\/erfolgsstrategien-im-verkauf.de\/lp\/videos\/karsten-hourticolon-persoenliches-3\/","name":"Karsten Hourticolon - Pers\u00f6nliches #3 - Erfolgsstrategien im Verkauf","isPartOf":{"@id":"https:\/\/erfolgsstrategien-im-verkauf.de\/lp\/#website"},"datePublished":"2021-03-08T20:48:28+00:00","dateModified":"2023-03-22T15:39:44+00:00","breadcrumb":{"@id":"https:\/\/erfolgsstrategien-im-verkauf.de\/lp\/videos\/karsten-hourticolon-persoenliches-3\/#breadcrumb"},"inLanguage":"de","potentialAction":[{"@type":"ReadAction","target":["https:\/\/erfolgsstrategien-im-verkauf.de\/lp\/videos\/karsten-hourticolon-persoenliches-3\/"]}]},{"@type":"BreadcrumbList","@id":"https:\/\/erfolgsstrategien-im-verkauf.de\/lp\/videos\/karsten-hourticolon-persoenliches-3\/#breadcrumb","itemListElement":[{"@type":"ListItem","position":1,"name":"Startseite","item":"https:\/\/erfolgsstrategien-im-verkauf.de\/lp\/"},{"@type":"ListItem","position":2,"name":"Vorlage Elter f\u00fcr Youtube Videos","item":"https:\/\/erfolgsstrategien-im-verkauf.de\/lp\/videos\/"},{"@type":"ListItem","position":3,"name":"Karsten Hourticolon &#8211; Pers\u00f6nliches #3"}]},{"@type":"WebSite","@id":"https:\/\/erfolgsstrategien-im-verkauf.de\/lp\/#website","url":"https:\/\/erfolgsstrategien-im-verkauf.de\/lp\/","name":"Erfolgsstrategien im Verkauf","description":"","publisher":{"@id":"https:\/\/erfolgsstrategien-im-verkauf.de\/lp\/#organization"},"potentialAction":[{"@type":"SearchAction","target":{"@type":"EntryPoint","urlTemplate":"https:\/\/erfolgsstrategien-im-verkauf.de\/lp\/?s={search_term_string}"},"query-input":{"@type":"PropertyValueSpecification","valueRequired":true,"valueName":"search_term_string"}}],"inLanguage":"de"},{"@type":"Organization","@id":"https:\/\/erfolgsstrategien-im-verkauf.de\/lp\/#organization","name":"Erfolgsstrategien im Verkauf","url":"https:\/\/erfolgsstrategien-im-verkauf.de\/lp\/","logo":{"@type":"ImageObject","inLanguage":"de","@id":"https:\/\/erfolgsstrategien-im-verkauf.de\/lp\/#\/schema\/logo\/image\/","url":"https:\/\/erfolgsstrategien-im-verkauf.de\/lp\/wp-content\/uploads\/sites\/2\/2020\/11\/Logo-farbig-mit-Schatten2-400x100-1.png","contentUrl":"https:\/\/erfolgsstrategien-im-verkauf.de\/lp\/wp-content\/uploads\/sites\/2\/2020\/11\/Logo-farbig-mit-Schatten2-400x100-1.png","width":457,"height":120,"caption":"Erfolgsstrategien im Verkauf"},"image":{"@id":"https:\/\/erfolgsstrategien-im-verkauf.de\/lp\/#\/schema\/logo\/image\/"}}]}},"_links":{"self":[{"href":"https:\/\/erfolgsstrategien-im-verkauf.de\/lp\/wp-json\/wp\/v2\/pages\/810","targetHints":{"allow":["GET"]}}],"collection":[{"href":"https:\/\/erfolgsstrategien-im-verkauf.de\/lp\/wp-json\/wp\/v2\/pages"}],"about":[{"href":"https:\/\/erfolgsstrategien-im-verkauf.de\/lp\/wp-json\/wp\/v2\/types\/page"}],"author":[{"embeddable":true,"href":"https:\/\/erfolgsstrategien-im-verkauf.de\/lp\/wp-json\/wp\/v2\/users\/2"}],"replies":[{"embeddable":true,"href":"https:\/\/erfolgsstrategien-im-verkauf.de\/lp\/wp-json\/wp\/v2\/comments?post=810"}],"version-history":[{"count":33,"href":"https:\/\/erfolgsstrategien-im-verkauf.de\/lp\/wp-json\/wp\/v2\/pages\/810\/revisions"}],"predecessor-version":[{"id":1266,"href":"https:\/\/erfolgsstrategien-im-verkauf.de\/lp\/wp-json\/wp\/v2\/pages\/810\/revisions\/1266"}],"up":[{"embeddable":true,"href":"https:\/\/erfolgsstrategien-im-verkauf.de\/lp\/wp-json\/wp\/v2\/pages\/558"}],"wp:attachment":[{"href":"https:\/\/erfolgsstrategien-im-verkauf.de\/lp\/wp-json\/wp\/v2\/media?parent=810"}],"curies":[{"name":"wp","href":"https:\/\/api.w.org\/{rel}","templated":true}]}}