{"id":699,"date":"2021-02-23T15:17:33","date_gmt":"2021-02-23T14:17:33","guid":{"rendered":"https:\/\/erfolgsstrategien-im-verkauf.de\/lp\/?page_id=699"},"modified":"2023-06-09T09:29:45","modified_gmt":"2023-06-09T07:29:45","slug":"schriftlicher-empfehlungsdialog-ist-das-moeglich","status":"publish","type":"page","link":"https:\/\/erfolgsstrategien-im-verkauf.de\/lp\/videos\/schriftlicher-empfehlungsdialog-ist-das-moeglich\/","title":{"rendered":"&#8222;Den Empfehlungsdialog schriftlich f\u00fchren &#8211; Ist das m\u00f6glich?&#8220;"},"content":{"rendered":"\t\t<div data-elementor-type=\"wp-page\" data-elementor-id=\"699\" class=\"elementor elementor-699\">\n\t\t\t\t\t\t<section class=\"elementor-section elementor-top-section elementor-element elementor-element-2b8218a elementor-section-boxed elementor-section-height-default elementor-section-height-default\" data-id=\"2b8218a\" data-element_type=\"section\" data-e-type=\"section\">\n\t\t\t\t\t\t<div class=\"elementor-container elementor-column-gap-default\">\n\t\t\t\t\t<div class=\"elementor-column elementor-col-100 elementor-top-column elementor-element elementor-element-a2d71f6\" data-id=\"a2d71f6\" data-element_type=\"column\" data-e-type=\"column\">\n\t\t\t<div class=\"elementor-widget-wrap elementor-element-populated\">\n\t\t\t\t\t\t<div class=\"elementor-element elementor-element-cb27ac8 elementor-widget elementor-widget-video\" data-id=\"cb27ac8\" data-element_type=\"widget\" data-e-type=\"widget\" data-settings=\"{&quot;video_type&quot;:&quot;vimeo&quot;}\" data-widget_type=\"video.default\">\n\t\t\t\t<div class=\"elementor-widget-container\">\n\t\t\t\t\t\t\t<div class=\"elementor-wrapper elementor-open-inline\">\n\t\t\t<div class=\"BorlabsCookie _brlbs-cb-vimeo\"><div class=\"_brlbs-content-blocker\"> <div class=\"_brlbs-embed _brlbs-video-vimeo\"> <img decoding=\"async\" class=\"_brlbs-thumbnail\" src=\"https:\/\/erfolgsstrategien-im-verkauf.de\/lp\/wp-content\/plugins\/borlabs-cookie\/assets\/images\/cb-no-thumbnail.png\" alt=\"Vimeo\"> <div class=\"_brlbs-caption\"> <p>Mit dem Laden des Videos akzeptieren Sie die Datenschutzerkl\u00e4rung von Vimeo.<br><a href=\"https:\/\/vimeo.com\/privacy\" target=\"_blank\" rel=\"nofollow noopener noreferrer\">Mehr erfahren<\/a><\/p> <p><a class=\"_brlbs-btn _brlbs-icon-play-white\" href=\"#\" data-borlabs-cookie-unblock role=\"button\">Video laden<\/a><\/p> <p><label><input type=\"checkbox\" name=\"unblockAll\" value=\"1\" checked> <small>Vimeo immer entsperren<\/small><\/label><\/p> <\/div> <\/div> <\/div><div class=\"borlabs-hide\" data-borlabs-cookie-type=\"content-blocker\" data-borlabs-cookie-id=\"vimeo\"><script type=\"text\/template\">PGlmcmFtZSBjbGFzcz0iZWxlbWVudG9yLXZpZGVvLWlmcmFtZSIgYWxsb3dmdWxsc2NyZWVuIGFsbG93PSJjbGlwYm9hcmQtd3JpdGUiIHRpdGxlPSJ2aW1lbyBWaWRlbyBQbGF5ZXIiIHNyYz0iaHR0cHM6Ly9wbGF5ZXIudmltZW8uY29tL3ZpZGVvLzgxNTk4MjA0Nz9jb2xvciZhbXA7YXV0b3BhdXNlPTAmYW1wO2xvb3A9MCZhbXA7bXV0ZWQ9MCZhbXA7dGl0bGU9MCZhbXA7cG9ydHJhaXQ9MCZhbXA7YnlsaW5lPTAmYW1wO2g9MjhkOTA3ODk4ZiN0PSI+PC9pZnJhbWU+<\/script><\/div><\/div>\t\t<\/div>\n\t\t\t\t\t\t<\/div>\n\t\t\t\t<\/div>\n\t\t\t\t\t<\/div>\n\t\t<\/div>\n\t\t\t\t\t<\/div>\n\t\t<\/section>\n\t\t\t\t<section class=\"elementor-section elementor-top-section elementor-element elementor-element-f334553 elementor-section-boxed elementor-section-height-default elementor-section-height-default\" data-id=\"f334553\" data-element_type=\"section\" data-e-type=\"section\">\n\t\t\t\t\t\t<div class=\"elementor-container elementor-column-gap-default\">\n\t\t\t\t\t<div class=\"elementor-column elementor-col-100 elementor-top-column elementor-element elementor-element-cdf633e\" data-id=\"cdf633e\" data-element_type=\"column\" data-e-type=\"column\">\n\t\t\t<div class=\"elementor-widget-wrap elementor-element-populated\">\n\t\t\t\t\t\t<div class=\"elementor-element elementor-element-78fc988 elementor-widget elementor-widget-spacer\" data-id=\"78fc988\" data-element_type=\"widget\" data-e-type=\"widget\" data-widget_type=\"spacer.default\">\n\t\t\t\t<div class=\"elementor-widget-container\">\n\t\t\t\t\t\t\t<div class=\"elementor-spacer\">\n\t\t\t<div class=\"elementor-spacer-inner\"><\/div>\n\t\t<\/div>\n\t\t\t\t\t\t<\/div>\n\t\t\t\t<\/div>\n\t\t\t\t\t<\/div>\n\t\t<\/div>\n\t\t\t\t\t<\/div>\n\t\t<\/section>\n\t\t\t\t<section class=\"elementor-section elementor-top-section elementor-element elementor-element-5382f19 elementor-section-boxed elementor-section-height-default elementor-section-height-default\" data-id=\"5382f19\" data-element_type=\"section\" data-e-type=\"section\">\n\t\t\t\t\t\t<div class=\"elementor-container elementor-column-gap-default\">\n\t\t\t\t\t<div class=\"elementor-column elementor-col-100 elementor-top-column elementor-element elementor-element-00e9264\" data-id=\"00e9264\" data-element_type=\"column\" data-e-type=\"column\">\n\t\t\t<div class=\"elementor-widget-wrap elementor-element-populated\">\n\t\t\t\t\t\t<div class=\"elementor-element elementor-element-1b15929 elementor-align-center elementor-widget elementor-widget-button\" data-id=\"1b15929\" data-element_type=\"widget\" data-e-type=\"widget\" data-widget_type=\"button.default\">\n\t\t\t\t<div class=\"elementor-widget-container\">\n\t\t\t\t\t\t\t\t\t<div class=\"elementor-button-wrapper\">\n\t\t\t\t\t<a class=\"elementor-button elementor-button-link elementor-size-sm\" href=\"https:\/\/elopage.com\/s\/karstenhourticolon\/sign_in\">\n\t\t\t\t\t\t<span class=\"elementor-button-content-wrapper\">\n\t\t\t\t\t\t\t\t\t<span class=\"elementor-button-text\">Zur\u00fcck zur Kurs\u00fcbersicht<\/span>\n\t\t\t\t\t<\/span>\n\t\t\t\t\t<\/a>\n\t\t\t\t<\/div>\n\t\t\t\t\t\t\t\t<\/div>\n\t\t\t\t<\/div>\n\t\t\t\t\t<\/div>\n\t\t<\/div>\n\t\t\t\t\t<\/div>\n\t\t<\/section>\n\t\t\t\t<section class=\"elementor-section elementor-top-section elementor-element elementor-element-ba0b822 elementor-section-boxed elementor-section-height-default elementor-section-height-default\" data-id=\"ba0b822\" data-element_type=\"section\" data-e-type=\"section\">\n\t\t\t\t\t\t<div class=\"elementor-container elementor-column-gap-default\">\n\t\t\t\t\t<div class=\"elementor-column elementor-col-100 elementor-top-column elementor-element elementor-element-252aa1b\" data-id=\"252aa1b\" data-element_type=\"column\" data-e-type=\"column\">\n\t\t\t<div class=\"elementor-widget-wrap elementor-element-populated\">\n\t\t\t\t\t\t<div class=\"elementor-element elementor-element-407645b elementor-widget elementor-widget-spacer\" data-id=\"407645b\" data-element_type=\"widget\" data-e-type=\"widget\" data-widget_type=\"spacer.default\">\n\t\t\t\t<div class=\"elementor-widget-container\">\n\t\t\t\t\t\t\t<div class=\"elementor-spacer\">\n\t\t\t<div class=\"elementor-spacer-inner\"><\/div>\n\t\t<\/div>\n\t\t\t\t\t\t<\/div>\n\t\t\t\t<\/div>\n\t\t\t\t\t<\/div>\n\t\t<\/div>\n\t\t\t\t\t<\/div>\n\t\t<\/section>\n\t\t\t\t<\/div>\n\t\t","protected":false},"excerpt":{"rendered":"<p>Mit dem Laden des Videos akzeptieren Sie die Datenschutzerkl\u00e4rung von Vimeo.Mehr erfahren Video laden Vimeo immer entsperren Zur\u00fcck zur Kurs\u00fcbersicht<\/p>\n","protected":false},"author":2,"featured_media":0,"parent":558,"menu_order":0,"comment_status":"closed","ping_status":"closed","template":"","meta":{"inline_featured_image":false,"footnotes":""},"class_list":["post-699","page","type-page","status-publish","hentry"],"yoast_head":"<!-- This site is optimized with the Yoast SEO plugin v26.8 - https:\/\/yoast.com\/product\/yoast-seo-wordpress\/ -->\n<title>&quot;Den Empfehlungsdialog schriftlich f\u00fchren - Ist das m\u00f6glich?&quot; - Erfolgsstrategien im Verkauf<\/title>\n<meta name=\"robots\" content=\"index, follow, max-snippet:-1, max-image-preview:large, max-video-preview:-1\" \/>\n<link rel=\"canonical\" href=\"https:\/\/erfolgsstrategien-im-verkauf.de\/lp\/videos\/schriftlicher-empfehlungsdialog-ist-das-moeglich\/\" \/>\n<meta property=\"og:locale\" content=\"de_DE\" \/>\n<meta property=\"og:type\" content=\"article\" \/>\n<meta property=\"og:title\" content=\"&quot;Den Empfehlungsdialog schriftlich f\u00fchren - Ist das m\u00f6glich?&quot; - Erfolgsstrategien im Verkauf\" \/>\n<meta property=\"og:description\" content=\"Mit dem Laden des Videos akzeptieren Sie die Datenschutzerkl\u00e4rung von Vimeo.Mehr erfahren Video laden Vimeo immer entsperren Zur\u00fcck zur Kurs\u00fcbersicht\" \/>\n<meta property=\"og:url\" content=\"https:\/\/erfolgsstrategien-im-verkauf.de\/lp\/videos\/schriftlicher-empfehlungsdialog-ist-das-moeglich\/\" \/>\n<meta property=\"og:site_name\" content=\"Erfolgsstrategien im Verkauf\" \/>\n<meta property=\"article:modified_time\" content=\"2023-06-09T07:29:45+00:00\" \/>\n<meta name=\"twitter:card\" content=\"summary_large_image\" \/>\n<meta name=\"twitter:label1\" content=\"Gesch\u00e4tzte Lesezeit\" \/>\n\t<meta name=\"twitter:data1\" content=\"1\u00a0Minute\" \/>\n<script type=\"application\/ld+json\" class=\"yoast-schema-graph\">{\"@context\":\"https:\/\/schema.org\",\"@graph\":[{\"@type\":\"WebPage\",\"@id\":\"https:\/\/erfolgsstrategien-im-verkauf.de\/lp\/videos\/schriftlicher-empfehlungsdialog-ist-das-moeglich\/\",\"url\":\"https:\/\/erfolgsstrategien-im-verkauf.de\/lp\/videos\/schriftlicher-empfehlungsdialog-ist-das-moeglich\/\",\"name\":\"\\\"Den Empfehlungsdialog schriftlich f\u00fchren - Ist das m\u00f6glich?\\\" - Erfolgsstrategien im Verkauf\",\"isPartOf\":{\"@id\":\"https:\/\/erfolgsstrategien-im-verkauf.de\/lp\/#website\"},\"datePublished\":\"2021-02-23T14:17:33+00:00\",\"dateModified\":\"2023-06-09T07:29:45+00:00\",\"breadcrumb\":{\"@id\":\"https:\/\/erfolgsstrategien-im-verkauf.de\/lp\/videos\/schriftlicher-empfehlungsdialog-ist-das-moeglich\/#breadcrumb\"},\"inLanguage\":\"de\",\"potentialAction\":[{\"@type\":\"ReadAction\",\"target\":[\"https:\/\/erfolgsstrategien-im-verkauf.de\/lp\/videos\/schriftlicher-empfehlungsdialog-ist-das-moeglich\/\"]}]},{\"@type\":\"BreadcrumbList\",\"@id\":\"https:\/\/erfolgsstrategien-im-verkauf.de\/lp\/videos\/schriftlicher-empfehlungsdialog-ist-das-moeglich\/#breadcrumb\",\"itemListElement\":[{\"@type\":\"ListItem\",\"position\":1,\"name\":\"Startseite\",\"item\":\"https:\/\/erfolgsstrategien-im-verkauf.de\/lp\/\"},{\"@type\":\"ListItem\",\"position\":2,\"name\":\"Vorlage Elter f\u00fcr Youtube Videos\",\"item\":\"https:\/\/erfolgsstrategien-im-verkauf.de\/lp\/videos\/\"},{\"@type\":\"ListItem\",\"position\":3,\"name\":\"&#8222;Den Empfehlungsdialog schriftlich f\u00fchren &#8211; Ist das m\u00f6glich?&#8220;\"}]},{\"@type\":\"WebSite\",\"@id\":\"https:\/\/erfolgsstrategien-im-verkauf.de\/lp\/#website\",\"url\":\"https:\/\/erfolgsstrategien-im-verkauf.de\/lp\/\",\"name\":\"Erfolgsstrategien im Verkauf\",\"description\":\"\",\"publisher\":{\"@id\":\"https:\/\/erfolgsstrategien-im-verkauf.de\/lp\/#organization\"},\"potentialAction\":[{\"@type\":\"SearchAction\",\"target\":{\"@type\":\"EntryPoint\",\"urlTemplate\":\"https:\/\/erfolgsstrategien-im-verkauf.de\/lp\/?s={search_term_string}\"},\"query-input\":{\"@type\":\"PropertyValueSpecification\",\"valueRequired\":true,\"valueName\":\"search_term_string\"}}],\"inLanguage\":\"de\"},{\"@type\":\"Organization\",\"@id\":\"https:\/\/erfolgsstrategien-im-verkauf.de\/lp\/#organization\",\"name\":\"Erfolgsstrategien im Verkauf\",\"url\":\"https:\/\/erfolgsstrategien-im-verkauf.de\/lp\/\",\"logo\":{\"@type\":\"ImageObject\",\"inLanguage\":\"de\",\"@id\":\"https:\/\/erfolgsstrategien-im-verkauf.de\/lp\/#\/schema\/logo\/image\/\",\"url\":\"https:\/\/erfolgsstrategien-im-verkauf.de\/lp\/wp-content\/uploads\/sites\/2\/2020\/11\/Logo-farbig-mit-Schatten2-400x100-1.png\",\"contentUrl\":\"https:\/\/erfolgsstrategien-im-verkauf.de\/lp\/wp-content\/uploads\/sites\/2\/2020\/11\/Logo-farbig-mit-Schatten2-400x100-1.png\",\"width\":457,\"height\":120,\"caption\":\"Erfolgsstrategien im Verkauf\"},\"image\":{\"@id\":\"https:\/\/erfolgsstrategien-im-verkauf.de\/lp\/#\/schema\/logo\/image\/\"}}]}<\/script>\n<!-- \/ Yoast SEO plugin. -->","yoast_head_json":{"title":"\"Den Empfehlungsdialog schriftlich f\u00fchren - Ist das m\u00f6glich?\" - Erfolgsstrategien im Verkauf","robots":{"index":"index","follow":"follow","max-snippet":"max-snippet:-1","max-image-preview":"max-image-preview:large","max-video-preview":"max-video-preview:-1"},"canonical":"https:\/\/erfolgsstrategien-im-verkauf.de\/lp\/videos\/schriftlicher-empfehlungsdialog-ist-das-moeglich\/","og_locale":"de_DE","og_type":"article","og_title":"\"Den Empfehlungsdialog schriftlich f\u00fchren - Ist das m\u00f6glich?\" - Erfolgsstrategien im Verkauf","og_description":"Mit dem Laden des Videos akzeptieren Sie die Datenschutzerkl\u00e4rung von Vimeo.Mehr erfahren Video laden Vimeo immer entsperren Zur\u00fcck zur Kurs\u00fcbersicht","og_url":"https:\/\/erfolgsstrategien-im-verkauf.de\/lp\/videos\/schriftlicher-empfehlungsdialog-ist-das-moeglich\/","og_site_name":"Erfolgsstrategien im Verkauf","article_modified_time":"2023-06-09T07:29:45+00:00","twitter_card":"summary_large_image","twitter_misc":{"Gesch\u00e4tzte Lesezeit":"1\u00a0Minute"},"schema":{"@context":"https:\/\/schema.org","@graph":[{"@type":"WebPage","@id":"https:\/\/erfolgsstrategien-im-verkauf.de\/lp\/videos\/schriftlicher-empfehlungsdialog-ist-das-moeglich\/","url":"https:\/\/erfolgsstrategien-im-verkauf.de\/lp\/videos\/schriftlicher-empfehlungsdialog-ist-das-moeglich\/","name":"\"Den Empfehlungsdialog schriftlich f\u00fchren - Ist das m\u00f6glich?\" - Erfolgsstrategien im Verkauf","isPartOf":{"@id":"https:\/\/erfolgsstrategien-im-verkauf.de\/lp\/#website"},"datePublished":"2021-02-23T14:17:33+00:00","dateModified":"2023-06-09T07:29:45+00:00","breadcrumb":{"@id":"https:\/\/erfolgsstrategien-im-verkauf.de\/lp\/videos\/schriftlicher-empfehlungsdialog-ist-das-moeglich\/#breadcrumb"},"inLanguage":"de","potentialAction":[{"@type":"ReadAction","target":["https:\/\/erfolgsstrategien-im-verkauf.de\/lp\/videos\/schriftlicher-empfehlungsdialog-ist-das-moeglich\/"]}]},{"@type":"BreadcrumbList","@id":"https:\/\/erfolgsstrategien-im-verkauf.de\/lp\/videos\/schriftlicher-empfehlungsdialog-ist-das-moeglich\/#breadcrumb","itemListElement":[{"@type":"ListItem","position":1,"name":"Startseite","item":"https:\/\/erfolgsstrategien-im-verkauf.de\/lp\/"},{"@type":"ListItem","position":2,"name":"Vorlage Elter f\u00fcr Youtube Videos","item":"https:\/\/erfolgsstrategien-im-verkauf.de\/lp\/videos\/"},{"@type":"ListItem","position":3,"name":"&#8222;Den Empfehlungsdialog schriftlich f\u00fchren &#8211; Ist das m\u00f6glich?&#8220;"}]},{"@type":"WebSite","@id":"https:\/\/erfolgsstrategien-im-verkauf.de\/lp\/#website","url":"https:\/\/erfolgsstrategien-im-verkauf.de\/lp\/","name":"Erfolgsstrategien im Verkauf","description":"","publisher":{"@id":"https:\/\/erfolgsstrategien-im-verkauf.de\/lp\/#organization"},"potentialAction":[{"@type":"SearchAction","target":{"@type":"EntryPoint","urlTemplate":"https:\/\/erfolgsstrategien-im-verkauf.de\/lp\/?s={search_term_string}"},"query-input":{"@type":"PropertyValueSpecification","valueRequired":true,"valueName":"search_term_string"}}],"inLanguage":"de"},{"@type":"Organization","@id":"https:\/\/erfolgsstrategien-im-verkauf.de\/lp\/#organization","name":"Erfolgsstrategien im Verkauf","url":"https:\/\/erfolgsstrategien-im-verkauf.de\/lp\/","logo":{"@type":"ImageObject","inLanguage":"de","@id":"https:\/\/erfolgsstrategien-im-verkauf.de\/lp\/#\/schema\/logo\/image\/","url":"https:\/\/erfolgsstrategien-im-verkauf.de\/lp\/wp-content\/uploads\/sites\/2\/2020\/11\/Logo-farbig-mit-Schatten2-400x100-1.png","contentUrl":"https:\/\/erfolgsstrategien-im-verkauf.de\/lp\/wp-content\/uploads\/sites\/2\/2020\/11\/Logo-farbig-mit-Schatten2-400x100-1.png","width":457,"height":120,"caption":"Erfolgsstrategien im Verkauf"},"image":{"@id":"https:\/\/erfolgsstrategien-im-verkauf.de\/lp\/#\/schema\/logo\/image\/"}}]}},"_links":{"self":[{"href":"https:\/\/erfolgsstrategien-im-verkauf.de\/lp\/wp-json\/wp\/v2\/pages\/699","targetHints":{"allow":["GET"]}}],"collection":[{"href":"https:\/\/erfolgsstrategien-im-verkauf.de\/lp\/wp-json\/wp\/v2\/pages"}],"about":[{"href":"https:\/\/erfolgsstrategien-im-verkauf.de\/lp\/wp-json\/wp\/v2\/types\/page"}],"author":[{"embeddable":true,"href":"https:\/\/erfolgsstrategien-im-verkauf.de\/lp\/wp-json\/wp\/v2\/users\/2"}],"replies":[{"embeddable":true,"href":"https:\/\/erfolgsstrategien-im-verkauf.de\/lp\/wp-json\/wp\/v2\/comments?post=699"}],"version-history":[{"count":34,"href":"https:\/\/erfolgsstrategien-im-verkauf.de\/lp\/wp-json\/wp\/v2\/pages\/699\/revisions"}],"predecessor-version":[{"id":1327,"href":"https:\/\/erfolgsstrategien-im-verkauf.de\/lp\/wp-json\/wp\/v2\/pages\/699\/revisions\/1327"}],"up":[{"embeddable":true,"href":"https:\/\/erfolgsstrategien-im-verkauf.de\/lp\/wp-json\/wp\/v2\/pages\/558"}],"wp:attachment":[{"href":"https:\/\/erfolgsstrategien-im-verkauf.de\/lp\/wp-json\/wp\/v2\/media?parent=699"}],"curies":[{"name":"wp","href":"https:\/\/api.w.org\/{rel}","templated":true}]}}