{"id":45,"date":"2019-09-20T13:25:13","date_gmt":"2019-09-20T11:25:13","guid":{"rendered":"https:\/\/erfolgsstrategien-im-verkauf.de\/lp\/?page_id=45"},"modified":"2022-03-09T14:40:36","modified_gmt":"2022-03-09T13:40:36","slug":"noch-ein-klick","status":"publish","type":"page","link":"https:\/\/erfolgsstrategien-im-verkauf.de\/lp\/noch-ein-klick\/","title":{"rendered":"Noch ein Klick"},"content":{"rendered":"\t\t<div data-elementor-type=\"wp-page\" data-elementor-id=\"45\" class=\"elementor elementor-45\">\n\t\t\t\t\t\t<section class=\"elementor-section elementor-top-section elementor-element elementor-element-b5d1848 elementor-section-height-full elementor-section-items-top elementor-section-boxed elementor-section-height-default\" data-id=\"b5d1848\" data-element_type=\"section\" data-e-type=\"section\">\n\t\t\t\t\t\t<div class=\"elementor-container elementor-column-gap-default\">\n\t\t\t\t\t<div class=\"elementor-column elementor-col-100 elementor-top-column elementor-element elementor-element-0a916f1\" data-id=\"0a916f1\" data-element_type=\"column\" data-e-type=\"column\">\n\t\t\t<div class=\"elementor-widget-wrap elementor-element-populated\">\n\t\t\t\t\t\t<div class=\"elementor-element elementor-element-75f92b8 elementor-widget elementor-widget-spacer\" data-id=\"75f92b8\" data-element_type=\"widget\" data-e-type=\"widget\" data-widget_type=\"spacer.default\">\n\t\t\t\t<div class=\"elementor-widget-container\">\n\t\t\t\t\t\t\t<div class=\"elementor-spacer\">\n\t\t\t<div class=\"elementor-spacer-inner\"><\/div>\n\t\t<\/div>\n\t\t\t\t\t\t<\/div>\n\t\t\t\t<\/div>\n\t\t\t\t<div class=\"elementor-element elementor-element-9a48dc4 elementor-widget elementor-widget-heading\" data-id=\"9a48dc4\" data-element_type=\"widget\" data-e-type=\"widget\" data-widget_type=\"heading.default\">\n\t\t\t\t<div class=\"elementor-widget-container\">\n\t\t\t\t\t<h1 class=\"elementor-heading-title elementor-size-default\">Ein Schritt fehlt noch!<\/h1>\t\t\t\t<\/div>\n\t\t\t\t<\/div>\n\t\t\t\t<div class=\"elementor-element elementor-element-22cf74f elementor-widget elementor-widget-spacer\" data-id=\"22cf74f\" data-element_type=\"widget\" data-e-type=\"widget\" data-widget_type=\"spacer.default\">\n\t\t\t\t<div class=\"elementor-widget-container\">\n\t\t\t\t\t\t\t<div class=\"elementor-spacer\">\n\t\t\t<div class=\"elementor-spacer-inner\"><\/div>\n\t\t<\/div>\n\t\t\t\t\t\t<\/div>\n\t\t\t\t<\/div>\n\t\t\t\t<div class=\"elementor-element elementor-element-28ea700 elementor-widget elementor-widget-text-editor\" data-id=\"28ea700\" data-element_type=\"widget\" data-e-type=\"widget\" data-widget_type=\"text-editor.default\">\n\t\t\t\t<div class=\"elementor-widget-container\">\n\t\t\t\t\t\t\t\t\t<p>Bitte pr\u00fcfe Deinen E-Mail-Posteingang.<br>Dort findest Du eine E-Mail mit dem Link zur Best\u00e4tigung Deiner E-Mail-Adresse.<\/p>\n<p>Falls Du die Best\u00e4tigungs-E-Mail nicht innerhalb der n\u00e4chsten Minuten erh\u00e4ltst, sieh bitte auch in Deinem Spam-Ordner nach und f\u00fcge die Absenderadresse zu Deinen Kontakten hinzu.<\/p>\t\t\t\t\t\t\t\t<\/div>\n\t\t\t\t<\/div>\n\t\t\t\t\t<\/div>\n\t\t<\/div>\n\t\t\t\t\t<\/div>\n\t\t<\/section>\n\t\t\t\t<\/div>\n\t\t","protected":false},"excerpt":{"rendered":"<p>Ein Schritt fehlt noch! Bitte pr\u00fcfe Deinen E-Mail-Posteingang.Dort findest Du eine E-Mail mit dem Link zur Best\u00e4tigung Deiner E-Mail-Adresse. Falls Du die Best\u00e4tigungs-E-Mail nicht innerhalb der n\u00e4chsten Minuten erh\u00e4ltst, sieh bitte auch in Deinem Spam-Ordner nach und f\u00fcge die Absenderadresse zu Deinen Kontakten hinzu.<\/p>\n","protected":false},"author":1,"featured_media":0,"parent":0,"menu_order":0,"comment_status":"closed","ping_status":"closed","template":"","meta":{"inline_featured_image":false,"footnotes":""},"class_list":["post-45","page","type-page","status-publish","hentry"],"yoast_head":"<!-- This site is optimized with the Yoast SEO plugin v26.8 - https:\/\/yoast.com\/product\/yoast-seo-wordpress\/ -->\n<title>Noch ein Klick - Erfolgsstrategien im Verkauf<\/title>\n<meta name=\"robots\" content=\"index, follow, max-snippet:-1, max-image-preview:large, max-video-preview:-1\" \/>\n<link rel=\"canonical\" href=\"https:\/\/erfolgsstrategien-im-verkauf.de\/lp\/noch-ein-klick\/\" \/>\n<meta property=\"og:locale\" content=\"de_DE\" \/>\n<meta property=\"og:type\" content=\"article\" \/>\n<meta property=\"og:title\" content=\"Noch ein Klick - Erfolgsstrategien im Verkauf\" \/>\n<meta property=\"og:description\" content=\"Ein Schritt fehlt noch! Bitte pr\u00fcfe Deinen E-Mail-Posteingang.Dort findest Du eine E-Mail mit dem Link zur Best\u00e4tigung Deiner E-Mail-Adresse. Falls Du die Best\u00e4tigungs-E-Mail nicht innerhalb der n\u00e4chsten Minuten erh\u00e4ltst, sieh bitte auch in Deinem Spam-Ordner nach und f\u00fcge die Absenderadresse zu Deinen Kontakten hinzu.\" \/>\n<meta property=\"og:url\" content=\"https:\/\/erfolgsstrategien-im-verkauf.de\/lp\/noch-ein-klick\/\" \/>\n<meta property=\"og:site_name\" content=\"Erfolgsstrategien im Verkauf\" \/>\n<meta property=\"article:modified_time\" content=\"2022-03-09T13:40:36+00:00\" \/>\n<meta name=\"twitter:card\" content=\"summary_large_image\" \/>\n<meta name=\"twitter:label1\" content=\"Gesch\u00e4tzte Lesezeit\" \/>\n\t<meta name=\"twitter:data1\" content=\"1\u00a0Minute\" \/>\n<script type=\"application\/ld+json\" class=\"yoast-schema-graph\">{\"@context\":\"https:\/\/schema.org\",\"@graph\":[{\"@type\":\"WebPage\",\"@id\":\"https:\/\/erfolgsstrategien-im-verkauf.de\/lp\/noch-ein-klick\/\",\"url\":\"https:\/\/erfolgsstrategien-im-verkauf.de\/lp\/noch-ein-klick\/\",\"name\":\"Noch ein Klick - Erfolgsstrategien im Verkauf\",\"isPartOf\":{\"@id\":\"https:\/\/erfolgsstrategien-im-verkauf.de\/lp\/#website\"},\"datePublished\":\"2019-09-20T11:25:13+00:00\",\"dateModified\":\"2022-03-09T13:40:36+00:00\",\"breadcrumb\":{\"@id\":\"https:\/\/erfolgsstrategien-im-verkauf.de\/lp\/noch-ein-klick\/#breadcrumb\"},\"inLanguage\":\"de\",\"potentialAction\":[{\"@type\":\"ReadAction\",\"target\":[\"https:\/\/erfolgsstrategien-im-verkauf.de\/lp\/noch-ein-klick\/\"]}]},{\"@type\":\"BreadcrumbList\",\"@id\":\"https:\/\/erfolgsstrategien-im-verkauf.de\/lp\/noch-ein-klick\/#breadcrumb\",\"itemListElement\":[{\"@type\":\"ListItem\",\"position\":1,\"name\":\"Startseite\",\"item\":\"https:\/\/erfolgsstrategien-im-verkauf.de\/lp\/\"},{\"@type\":\"ListItem\",\"position\":2,\"name\":\"Noch ein Klick\"}]},{\"@type\":\"WebSite\",\"@id\":\"https:\/\/erfolgsstrategien-im-verkauf.de\/lp\/#website\",\"url\":\"https:\/\/erfolgsstrategien-im-verkauf.de\/lp\/\",\"name\":\"Erfolgsstrategien im Verkauf\",\"description\":\"\",\"publisher\":{\"@id\":\"https:\/\/erfolgsstrategien-im-verkauf.de\/lp\/#organization\"},\"potentialAction\":[{\"@type\":\"SearchAction\",\"target\":{\"@type\":\"EntryPoint\",\"urlTemplate\":\"https:\/\/erfolgsstrategien-im-verkauf.de\/lp\/?s={search_term_string}\"},\"query-input\":{\"@type\":\"PropertyValueSpecification\",\"valueRequired\":true,\"valueName\":\"search_term_string\"}}],\"inLanguage\":\"de\"},{\"@type\":\"Organization\",\"@id\":\"https:\/\/erfolgsstrategien-im-verkauf.de\/lp\/#organization\",\"name\":\"Erfolgsstrategien im Verkauf\",\"url\":\"https:\/\/erfolgsstrategien-im-verkauf.de\/lp\/\",\"logo\":{\"@type\":\"ImageObject\",\"inLanguage\":\"de\",\"@id\":\"https:\/\/erfolgsstrategien-im-verkauf.de\/lp\/#\/schema\/logo\/image\/\",\"url\":\"https:\/\/erfolgsstrategien-im-verkauf.de\/lp\/wp-content\/uploads\/sites\/2\/2020\/11\/Logo-farbig-mit-Schatten2-400x100-1.png\",\"contentUrl\":\"https:\/\/erfolgsstrategien-im-verkauf.de\/lp\/wp-content\/uploads\/sites\/2\/2020\/11\/Logo-farbig-mit-Schatten2-400x100-1.png\",\"width\":457,\"height\":120,\"caption\":\"Erfolgsstrategien im Verkauf\"},\"image\":{\"@id\":\"https:\/\/erfolgsstrategien-im-verkauf.de\/lp\/#\/schema\/logo\/image\/\"}}]}<\/script>\n<!-- \/ Yoast SEO plugin. -->","yoast_head_json":{"title":"Noch ein Klick - Erfolgsstrategien im Verkauf","robots":{"index":"index","follow":"follow","max-snippet":"max-snippet:-1","max-image-preview":"max-image-preview:large","max-video-preview":"max-video-preview:-1"},"canonical":"https:\/\/erfolgsstrategien-im-verkauf.de\/lp\/noch-ein-klick\/","og_locale":"de_DE","og_type":"article","og_title":"Noch ein Klick - Erfolgsstrategien im Verkauf","og_description":"Ein Schritt fehlt noch! Bitte pr\u00fcfe Deinen E-Mail-Posteingang.Dort findest Du eine E-Mail mit dem Link zur Best\u00e4tigung Deiner E-Mail-Adresse. Falls Du die Best\u00e4tigungs-E-Mail nicht innerhalb der n\u00e4chsten Minuten erh\u00e4ltst, sieh bitte auch in Deinem Spam-Ordner nach und f\u00fcge die Absenderadresse zu Deinen Kontakten hinzu.","og_url":"https:\/\/erfolgsstrategien-im-verkauf.de\/lp\/noch-ein-klick\/","og_site_name":"Erfolgsstrategien im Verkauf","article_modified_time":"2022-03-09T13:40:36+00:00","twitter_card":"summary_large_image","twitter_misc":{"Gesch\u00e4tzte Lesezeit":"1\u00a0Minute"},"schema":{"@context":"https:\/\/schema.org","@graph":[{"@type":"WebPage","@id":"https:\/\/erfolgsstrategien-im-verkauf.de\/lp\/noch-ein-klick\/","url":"https:\/\/erfolgsstrategien-im-verkauf.de\/lp\/noch-ein-klick\/","name":"Noch ein Klick - Erfolgsstrategien im Verkauf","isPartOf":{"@id":"https:\/\/erfolgsstrategien-im-verkauf.de\/lp\/#website"},"datePublished":"2019-09-20T11:25:13+00:00","dateModified":"2022-03-09T13:40:36+00:00","breadcrumb":{"@id":"https:\/\/erfolgsstrategien-im-verkauf.de\/lp\/noch-ein-klick\/#breadcrumb"},"inLanguage":"de","potentialAction":[{"@type":"ReadAction","target":["https:\/\/erfolgsstrategien-im-verkauf.de\/lp\/noch-ein-klick\/"]}]},{"@type":"BreadcrumbList","@id":"https:\/\/erfolgsstrategien-im-verkauf.de\/lp\/noch-ein-klick\/#breadcrumb","itemListElement":[{"@type":"ListItem","position":1,"name":"Startseite","item":"https:\/\/erfolgsstrategien-im-verkauf.de\/lp\/"},{"@type":"ListItem","position":2,"name":"Noch ein Klick"}]},{"@type":"WebSite","@id":"https:\/\/erfolgsstrategien-im-verkauf.de\/lp\/#website","url":"https:\/\/erfolgsstrategien-im-verkauf.de\/lp\/","name":"Erfolgsstrategien im Verkauf","description":"","publisher":{"@id":"https:\/\/erfolgsstrategien-im-verkauf.de\/lp\/#organization"},"potentialAction":[{"@type":"SearchAction","target":{"@type":"EntryPoint","urlTemplate":"https:\/\/erfolgsstrategien-im-verkauf.de\/lp\/?s={search_term_string}"},"query-input":{"@type":"PropertyValueSpecification","valueRequired":true,"valueName":"search_term_string"}}],"inLanguage":"de"},{"@type":"Organization","@id":"https:\/\/erfolgsstrategien-im-verkauf.de\/lp\/#organization","name":"Erfolgsstrategien im Verkauf","url":"https:\/\/erfolgsstrategien-im-verkauf.de\/lp\/","logo":{"@type":"ImageObject","inLanguage":"de","@id":"https:\/\/erfolgsstrategien-im-verkauf.de\/lp\/#\/schema\/logo\/image\/","url":"https:\/\/erfolgsstrategien-im-verkauf.de\/lp\/wp-content\/uploads\/sites\/2\/2020\/11\/Logo-farbig-mit-Schatten2-400x100-1.png","contentUrl":"https:\/\/erfolgsstrategien-im-verkauf.de\/lp\/wp-content\/uploads\/sites\/2\/2020\/11\/Logo-farbig-mit-Schatten2-400x100-1.png","width":457,"height":120,"caption":"Erfolgsstrategien im Verkauf"},"image":{"@id":"https:\/\/erfolgsstrategien-im-verkauf.de\/lp\/#\/schema\/logo\/image\/"}}]}},"_links":{"self":[{"href":"https:\/\/erfolgsstrategien-im-verkauf.de\/lp\/wp-json\/wp\/v2\/pages\/45","targetHints":{"allow":["GET"]}}],"collection":[{"href":"https:\/\/erfolgsstrategien-im-verkauf.de\/lp\/wp-json\/wp\/v2\/pages"}],"about":[{"href":"https:\/\/erfolgsstrategien-im-verkauf.de\/lp\/wp-json\/wp\/v2\/types\/page"}],"author":[{"embeddable":true,"href":"https:\/\/erfolgsstrategien-im-verkauf.de\/lp\/wp-json\/wp\/v2\/users\/1"}],"replies":[{"embeddable":true,"href":"https:\/\/erfolgsstrategien-im-verkauf.de\/lp\/wp-json\/wp\/v2\/comments?post=45"}],"version-history":[{"count":31,"href":"https:\/\/erfolgsstrategien-im-verkauf.de\/lp\/wp-json\/wp\/v2\/pages\/45\/revisions"}],"predecessor-version":[{"id":1147,"href":"https:\/\/erfolgsstrategien-im-verkauf.de\/lp\/wp-json\/wp\/v2\/pages\/45\/revisions\/1147"}],"wp:attachment":[{"href":"https:\/\/erfolgsstrategien-im-verkauf.de\/lp\/wp-json\/wp\/v2\/media?parent=45"}],"curies":[{"name":"wp","href":"https:\/\/api.w.org\/{rel}","templated":true}]}}