{"id":189,"date":"2019-10-03T23:40:59","date_gmt":"2019-10-03T21:40:59","guid":{"rendered":"https:\/\/erfolgsstrategien-im-verkauf.de\/lp\/?page_id=189"},"modified":"2022-07-07T21:50:38","modified_gmt":"2022-07-07T19:50:38","slug":"karsten-hourticolon","status":"publish","type":"page","link":"https:\/\/erfolgsstrategien-im-verkauf.de\/lp\/karsten-hourticolon\/","title":{"rendered":"Karsten Hourticolon"},"content":{"rendered":"\t\t<div data-elementor-type=\"wp-page\" data-elementor-id=\"189\" class=\"elementor elementor-189\">\n\t\t\t\t\t\t<section class=\"elementor-section elementor-top-section elementor-element elementor-element-61016786 elementor-section-content-middle elementor-section-boxed elementor-section-height-default elementor-section-height-default\" data-id=\"61016786\" data-element_type=\"section\" data-e-type=\"section\" data-settings=\"{&quot;background_background&quot;:&quot;classic&quot;}\">\n\t\t\t\t\t\t<div class=\"elementor-container elementor-column-gap-default\">\n\t\t\t\t\t<div class=\"elementor-column elementor-col-100 elementor-top-column elementor-element elementor-element-5b6ecc4d\" data-id=\"5b6ecc4d\" data-element_type=\"column\" data-e-type=\"column\">\n\t\t\t<div class=\"elementor-widget-wrap elementor-element-populated\">\n\t\t\t\t\t\t<div class=\"elementor-element elementor-element-4cd365f5 elementor-widget elementor-widget-heading\" data-id=\"4cd365f5\" data-element_type=\"widget\" data-e-type=\"widget\" data-widget_type=\"heading.default\">\n\t\t\t\t<div class=\"elementor-widget-container\">\n\t\t\t\t\t<h1 class=\"elementor-heading-title elementor-size-default\"><b>Karsten Hourticolon<\/b><\/h1>\t\t\t\t<\/div>\n\t\t\t\t<\/div>\n\t\t\t\t<div class=\"elementor-element elementor-element-fa56f26 elementor-widget elementor-widget-html\" data-id=\"fa56f26\" data-element_type=\"widget\" data-e-type=\"widget\" data-widget_type=\"html.default\">\n\t\t\t\t<div class=\"elementor-widget-container\">\n\t\t\t\t\t<div class=\"wistia_responsive_padding\" style=\"padding:56.25% 0 0 0\"><div class=\"wistia_responsive_wrapper\" style=\"height:100%;width:100%\"><div class=\"wistia_embed wistia_async_u0673fryqx seo=false videoFoam=true\" style=\"height:100%;width:100%\"><div class=\"wistia_swatch\" style=\"height:100%;overflow:hidden;width:100%\"><img decoding=\"async\" src=\"https:\/\/fast.wistia.com\/embed\/medias\/u0673fryqx\/swatch\" style=\"height:100%;width:100%\" alt=\"\" aria-hidden=\"true\" \/><\/div><\/div><\/div><\/div>\t\t\t\t<\/div>\n\t\t\t\t<\/div>\n\t\t\t\t\t<\/div>\n\t\t<\/div>\n\t\t\t\t\t<\/div>\n\t\t<\/section>\n\t\t\t\t<section class=\"elementor-section elementor-top-section elementor-element elementor-element-5940b473 elementor-section-content-bottom elementor-section-boxed elementor-section-height-default elementor-section-height-default\" data-id=\"5940b473\" data-element_type=\"section\" data-e-type=\"section\">\n\t\t\t\t\t\t<div class=\"elementor-container elementor-column-gap-default\">\n\t\t\t\t\t<div class=\"elementor-column elementor-col-100 elementor-top-column elementor-element elementor-element-47e6bca6\" data-id=\"47e6bca6\" data-element_type=\"column\" data-e-type=\"column\">\n\t\t\t<div class=\"elementor-widget-wrap elementor-element-populated\">\n\t\t\t\t\t\t<div class=\"elementor-element elementor-element-35f65747 elementor-widget elementor-widget-heading\" data-id=\"35f65747\" data-element_type=\"widget\" data-e-type=\"widget\" data-widget_type=\"heading.default\">\n\t\t\t\t<div class=\"elementor-widget-container\">\n\t\t\t\t\t<h2 class=\"elementor-heading-title elementor-size-default\">Sie wollen mehr nachhaltigen Empfehlungserfolg?<\/h2>\t\t\t\t<\/div>\n\t\t\t\t<\/div>\n\t\t\t\t<div class=\"elementor-element elementor-element-4d12992d elementor-widget elementor-widget-spacer\" data-id=\"4d12992d\" data-element_type=\"widget\" data-e-type=\"widget\" data-widget_type=\"spacer.default\">\n\t\t\t\t<div class=\"elementor-widget-container\">\n\t\t\t\t\t\t\t<div class=\"elementor-spacer\">\n\t\t\t<div class=\"elementor-spacer-inner\"><\/div>\n\t\t<\/div>\n\t\t\t\t\t\t<\/div>\n\t\t\t\t<\/div>\n\t\t\t\t<div class=\"elementor-element elementor-element-49266a2 elementor-widget elementor-widget-text-editor\" data-id=\"49266a2\" data-element_type=\"widget\" data-e-type=\"widget\" data-widget_type=\"text-editor.default\">\n\t\t\t\t<div class=\"elementor-widget-container\">\n\t\t\t\t\t\t\t\t\t<p>Mein kompaktes Spezialtraining zur Umsatzsteigerung:<\/p><p><b>Die 4-Schritte-Empfehlungsmethode von Karsten Hourticolon\u00a0&#8211;\u00a0Einfach und kosteng\u00fcnstig neue Gesch\u00e4fte sichern.<\/b><\/p><div><ul><li>Schnell umsetzbar.<\/li><li>Funktioniert f\u00fcr jeden Verk\u00e4ufer- und Kundentyp.<\/li><li>Besondere Aufmerksamkeit Ihrer Kunden ist garantiert.<\/li><\/ul><\/div>\t\t\t\t\t\t\t\t<\/div>\n\t\t\t\t<\/div>\n\t\t\t\t\t<\/div>\n\t\t<\/div>\n\t\t\t\t\t<\/div>\n\t\t<\/section>\n\t\t\t\t<section class=\"elementor-section elementor-top-section elementor-element elementor-element-54d3534a elementor-section-boxed elementor-section-height-default elementor-section-height-default\" data-id=\"54d3534a\" data-element_type=\"section\" data-e-type=\"section\">\n\t\t\t\t\t\t<div class=\"elementor-container elementor-column-gap-default\">\n\t\t\t\t\t<div class=\"elementor-column elementor-col-100 elementor-top-column elementor-element elementor-element-2f5ddef8\" data-id=\"2f5ddef8\" data-element_type=\"column\" data-e-type=\"column\">\n\t\t\t<div class=\"elementor-widget-wrap elementor-element-populated\">\n\t\t\t\t\t\t<div class=\"elementor-element elementor-element-79f7de44 elementor-widget elementor-widget-text-editor\" data-id=\"79f7de44\" data-element_type=\"widget\" data-e-type=\"widget\" data-widget_type=\"text-editor.default\">\n\t\t\t\t<div class=\"elementor-widget-container\">\n\t\t\t\t\t\t\t\t\t<p>Seien Sie mit Ihrer Sparkasse dabei!<\/p><p>Sichern Sie sich das <b><i>Nachhaltigkeitstraining<\/i><\/b> und die zeitlichen limitierten Zusatzmodule!<\/p><p>Hier klicken und mehr erfahren<\/p>\t\t\t\t\t\t\t\t<\/div>\n\t\t\t\t<\/div>\n\t\t\t\t<div class=\"elementor-element elementor-element-590ea9e7 elementor-align-center elementor-mobile-align-center elementor-widget elementor-widget-button\" data-id=\"590ea9e7\" data-element_type=\"widget\" data-e-type=\"widget\" data-widget_type=\"button.default\">\n\t\t\t\t<div class=\"elementor-widget-container\">\n\t\t\t\t\t\t\t\t\t<div class=\"elementor-button-wrapper\">\n\t\t\t\t\t<a class=\"elementor-button elementor-button-link elementor-size-lg\" href=\"https:\/\/erfolgsstrategien-im-verkauf.de\/lp\/spezialseminar-fuer-sparkassen\/\">\n\t\t\t\t\t\t<span class=\"elementor-button-content-wrapper\">\n\t\t\t\t\t\t<span class=\"elementor-button-icon\">\n\t\t\t\t<i aria-hidden=\"true\" class=\"fas fa-long-arrow-alt-right\"><\/i>\t\t\t<\/span>\n\t\t\t\t\t\t\t\t\t<span class=\"elementor-button-text\">Alle Infos zum limitierten Spezialtraining<\/span>\n\t\t\t\t\t<\/span>\n\t\t\t\t\t<\/a>\n\t\t\t\t<\/div>\n\t\t\t\t\t\t\t\t<\/div>\n\t\t\t\t<\/div>\n\t\t\t\t\t<\/div>\n\t\t<\/div>\n\t\t\t\t\t<\/div>\n\t\t<\/section>\n\t\t\t\t<section class=\"elementor-section elementor-top-section elementor-element elementor-element-690c2f24 elementor-section-boxed elementor-section-height-default elementor-section-height-default\" data-id=\"690c2f24\" data-element_type=\"section\" data-e-type=\"section\" data-settings=\"{&quot;background_background&quot;:&quot;classic&quot;}\">\n\t\t\t\t\t\t\t<div class=\"elementor-background-overlay\"><\/div>\n\t\t\t\t\t\t\t<div class=\"elementor-container elementor-column-gap-default\">\n\t\t\t\t\t<div class=\"elementor-column elementor-col-100 elementor-top-column elementor-element elementor-element-63424aa9\" data-id=\"63424aa9\" data-element_type=\"column\" data-e-type=\"column\">\n\t\t\t<div class=\"elementor-widget-wrap elementor-element-populated\">\n\t\t\t\t\t\t<section class=\"elementor-section elementor-inner-section elementor-element elementor-element-3c554ed4 elementor-section-boxed elementor-section-height-default elementor-section-height-default\" data-id=\"3c554ed4\" data-element_type=\"section\" data-e-type=\"section\">\n\t\t\t\t\t\t<div class=\"elementor-container elementor-column-gap-default\">\n\t\t\t\t\t<div class=\"elementor-column elementor-col-33 elementor-inner-column elementor-element elementor-element-15908d93\" data-id=\"15908d93\" data-element_type=\"column\" data-e-type=\"column\">\n\t\t\t<div class=\"elementor-widget-wrap elementor-element-populated\">\n\t\t\t\t\t\t<div class=\"elementor-element elementor-element-23aa1d75 elementor-widget elementor-widget-counter\" data-id=\"23aa1d75\" data-element_type=\"widget\" data-e-type=\"widget\" data-widget_type=\"counter.default\">\n\t\t\t\t<div class=\"elementor-widget-container\">\n\t\t\t\t\t\t\t<div class=\"elementor-counter\">\n\t\t\t<div class=\"elementor-counter-title\">Jahre Erfahrung<\/div>\t\t\t<div class=\"elementor-counter-number-wrapper\">\n\t\t\t\t<span class=\"elementor-counter-number-prefix\"><\/span>\n\t\t\t\t<span class=\"elementor-counter-number\" data-duration=\"1500\" data-to-value=\"20\" data-from-value=\"\" data-delimiter=\",\"><\/span>\n\t\t\t\t<span class=\"elementor-counter-number-suffix\"><\/span>\n\t\t\t<\/div>\n\t\t<\/div>\n\t\t\t\t\t\t<\/div>\n\t\t\t\t<\/div>\n\t\t\t\t\t<\/div>\n\t\t<\/div>\n\t\t\t\t<div class=\"elementor-column elementor-col-33 elementor-inner-column elementor-element elementor-element-6d157bae\" data-id=\"6d157bae\" data-element_type=\"column\" data-e-type=\"column\">\n\t\t\t<div class=\"elementor-widget-wrap elementor-element-populated\">\n\t\t\t\t\t\t<div class=\"elementor-element elementor-element-785326cd elementor-widget elementor-widget-counter\" data-id=\"785326cd\" data-element_type=\"widget\" data-e-type=\"widget\" data-widget_type=\"counter.default\">\n\t\t\t\t<div class=\"elementor-widget-container\">\n\t\t\t\t\t\t\t<div class=\"elementor-counter\">\n\t\t\t<div class=\"elementor-counter-title\">geschulte Mitarbeiter<\/div>\t\t\t<div class=\"elementor-counter-number-wrapper\">\n\t\t\t\t<span class=\"elementor-counter-number-prefix\"><\/span>\n\t\t\t\t<span class=\"elementor-counter-number\" data-duration=\"2000\" data-to-value=\"2650\" data-from-value=\"\" data-delimiter=\".\"><\/span>\n\t\t\t\t<span class=\"elementor-counter-number-suffix\"><\/span>\n\t\t\t<\/div>\n\t\t<\/div>\n\t\t\t\t\t\t<\/div>\n\t\t\t\t<\/div>\n\t\t\t\t\t<\/div>\n\t\t<\/div>\n\t\t\t\t<div class=\"elementor-column elementor-col-33 elementor-inner-column elementor-element elementor-element-49b45bf6\" data-id=\"49b45bf6\" data-element_type=\"column\" data-e-type=\"column\">\n\t\t\t<div class=\"elementor-widget-wrap elementor-element-populated\">\n\t\t\t\t\t\t<div class=\"elementor-element elementor-element-3cebaa54 elementor-widget elementor-widget-counter\" data-id=\"3cebaa54\" data-element_type=\"widget\" data-e-type=\"widget\" data-widget_type=\"counter.default\">\n\t\t\t\t<div class=\"elementor-widget-container\">\n\t\t\t\t\t\t\t<div class=\"elementor-counter\">\n\t\t\t<div class=\"elementor-counter-title\">Firmen und Institutionen<\/div>\t\t\t<div class=\"elementor-counter-number-wrapper\">\n\t\t\t\t<span class=\"elementor-counter-number-prefix\"><\/span>\n\t\t\t\t<span class=\"elementor-counter-number\" data-duration=\"2500\" data-to-value=\"103\" data-from-value=\"\" data-delimiter=\",\"><\/span>\n\t\t\t\t<span class=\"elementor-counter-number-suffix\"><\/span>\n\t\t\t<\/div>\n\t\t<\/div>\n\t\t\t\t\t\t<\/div>\n\t\t\t\t<\/div>\n\t\t\t\t\t<\/div>\n\t\t<\/div>\n\t\t\t\t\t<\/div>\n\t\t<\/section>\n\t\t\t\t\t<\/div>\n\t\t<\/div>\n\t\t\t\t\t<\/div>\n\t\t<\/section>\n\t\t\t\t<section class=\"elementor-section elementor-top-section elementor-element elementor-element-612a9bcf elementor-section-boxed elementor-section-height-default elementor-section-height-default\" data-id=\"612a9bcf\" data-element_type=\"section\" data-e-type=\"section\">\n\t\t\t\t\t\t<div class=\"elementor-container elementor-column-gap-default\">\n\t\t\t\t\t<div class=\"elementor-column elementor-col-100 elementor-top-column elementor-element elementor-element-21300df2\" data-id=\"21300df2\" data-element_type=\"column\" data-e-type=\"column\">\n\t\t\t<div class=\"elementor-widget-wrap elementor-element-populated\">\n\t\t\t\t\t\t<div class=\"elementor-element elementor-element-4c22b892 elementor-widget elementor-widget-heading\" data-id=\"4c22b892\" data-element_type=\"widget\" data-e-type=\"widget\" data-widget_type=\"heading.default\">\n\t\t\t\t<div class=\"elementor-widget-container\">\n\t\t\t\t\t<h2 class=\"elementor-heading-title elementor-size-default\">Karsten Hourticolon<\/h2>\t\t\t\t<\/div>\n\t\t\t\t<\/div>\n\t\t\t\t<div class=\"elementor-element elementor-element-2f1c01bc elementor-widget elementor-widget-text-editor\" data-id=\"2f1c01bc\" data-element_type=\"widget\" data-e-type=\"widget\" data-widget_type=\"text-editor.default\">\n\t\t\t\t<div class=\"elementor-widget-container\">\n\t\t\t\t\t\t\t\t\t<p>Karsten ist Experte f\u00fcr nachhaltigen Empfehlungserfolg.<\/p><p><em>\u201eIch begleite Unternehmer und Verk\u00e4ufer darin, mehr aus den bestehenden Kundenbeziehungen zu machen. N\u00e4mlich: ertragreiches Zusatzgesch\u00e4ft erreichen und aktive, zuverl\u00e4ssige Empfehlungsgeber gewinnen.\u201c<\/em><\/p><p>Seine Vier-Schritte-Empfehlungsmethode ist eine effiziente Erfolgsstrategie im Verkauf, die konsequent auf den direkten Dialog mit zufriedenen Bestandskunden setzt.<\/p><p><em>\u201eGetreu meinem Leitsatz \u201aAnders als andere Verk\u00e4ufer\u2018 heben Sie sich hinsichtlich Qualit\u00e4t, Seriosit\u00e4t und Verbindlichkeit in der Gespr\u00e4chsf\u00fchrung deutlich von ihren Wettbewerbern ab und ziehen zuverl\u00e4ssig neues Gesch\u00e4ft an Land.\u201c<\/em><\/p><p>Kombiniert mit allen bew\u00e4hrten rhetorischen Tipps aus 20 Jahren Vertriebsbegleitung und dem Wissen \u00fcber Pers\u00f6nlichkeiten, sichern sich Unternehmer und Verk\u00e4ufer ein Instrumentarium, dass f\u00fcr jeden Verk\u00e4ufer- und Kundentyp geeignet ist.<\/p>\t\t\t\t\t\t\t\t<\/div>\n\t\t\t\t<\/div>\n\t\t\t\t<div class=\"elementor-element elementor-element-4dabc844 elementor-widget-divider--view-line elementor-widget elementor-widget-divider\" data-id=\"4dabc844\" data-element_type=\"widget\" data-e-type=\"widget\" data-widget_type=\"divider.default\">\n\t\t\t\t<div class=\"elementor-widget-container\">\n\t\t\t\t\t\t\t<div class=\"elementor-divider\">\n\t\t\t<span class=\"elementor-divider-separator\">\n\t\t\t\t\t\t<\/span>\n\t\t<\/div>\n\t\t\t\t\t\t<\/div>\n\t\t\t\t<\/div>\n\t\t\t\t\t<\/div>\n\t\t<\/div>\n\t\t\t\t\t<\/div>\n\t\t<\/section>\n\t\t\t\t<\/div>\n\t\t","protected":false},"excerpt":{"rendered":"<p>Karsten Hourticolon Sie wollen mehr nachhaltigen Empfehlungserfolg? Mein kompaktes Spezialtraining zur Umsatzsteigerung: Die 4-Schritte-Empfehlungsmethode von Karsten Hourticolon\u00a0&#8211;\u00a0Einfach und kosteng\u00fcnstig neue Gesch\u00e4fte sichern. Schnell umsetzbar. Funktioniert f\u00fcr jeden Verk\u00e4ufer- und Kundentyp. Besondere Aufmerksamkeit Ihrer Kunden ist garantiert. Seien Sie mit Ihrer Sparkasse dabei! Sichern Sie sich das Nachhaltigkeitstraining und die zeitlichen limitierten Zusatzmodule! Hier klicken und [&hellip;]<\/p>\n","protected":false},"author":1,"featured_media":0,"parent":0,"menu_order":0,"comment_status":"closed","ping_status":"closed","template":"","meta":{"inline_featured_image":false,"footnotes":""},"class_list":["post-189","page","type-page","status-publish","hentry"],"yoast_head":"<!-- This site is optimized with the Yoast SEO plugin v26.8 - https:\/\/yoast.com\/product\/yoast-seo-wordpress\/ -->\n<title>Karsten Hourticolon - Erfolgsstrategien im Verkauf<\/title>\n<meta name=\"robots\" content=\"index, follow, max-snippet:-1, max-image-preview:large, max-video-preview:-1\" \/>\n<link rel=\"canonical\" href=\"https:\/\/erfolgsstrategien-im-verkauf.de\/lp\/karsten-hourticolon\/\" \/>\n<meta property=\"og:locale\" content=\"de_DE\" \/>\n<meta property=\"og:type\" content=\"article\" \/>\n<meta property=\"og:title\" content=\"Karsten Hourticolon - Erfolgsstrategien im Verkauf\" \/>\n<meta property=\"og:description\" content=\"Karsten Hourticolon Sie wollen mehr nachhaltigen Empfehlungserfolg? Mein kompaktes Spezialtraining zur Umsatzsteigerung: Die 4-Schritte-Empfehlungsmethode von Karsten Hourticolon\u00a0&#8211;\u00a0Einfach und kosteng\u00fcnstig neue Gesch\u00e4fte sichern. Schnell umsetzbar. Funktioniert f\u00fcr jeden Verk\u00e4ufer- und Kundentyp. Besondere Aufmerksamkeit Ihrer Kunden ist garantiert. Seien Sie mit Ihrer Sparkasse dabei! Sichern Sie sich das Nachhaltigkeitstraining und die zeitlichen limitierten Zusatzmodule! Hier klicken und [&hellip;]\" \/>\n<meta property=\"og:url\" content=\"https:\/\/erfolgsstrategien-im-verkauf.de\/lp\/karsten-hourticolon\/\" \/>\n<meta property=\"og:site_name\" content=\"Erfolgsstrategien im Verkauf\" \/>\n<meta property=\"article:modified_time\" content=\"2022-07-07T19:50:38+00:00\" \/>\n<meta property=\"og:image\" content=\"https:\/\/fast.wistia.com\/embed\/medias\/u0673fryqx\/swatch\" \/>\n<meta name=\"twitter:card\" content=\"summary_large_image\" \/>\n<meta name=\"twitter:label1\" content=\"Gesch\u00e4tzte Lesezeit\" \/>\n\t<meta name=\"twitter:data1\" content=\"2\u00a0Minuten\" \/>\n<script type=\"application\/ld+json\" class=\"yoast-schema-graph\">{\"@context\":\"https:\/\/schema.org\",\"@graph\":[{\"@type\":\"WebPage\",\"@id\":\"https:\/\/erfolgsstrategien-im-verkauf.de\/lp\/karsten-hourticolon\/\",\"url\":\"https:\/\/erfolgsstrategien-im-verkauf.de\/lp\/karsten-hourticolon\/\",\"name\":\"Karsten Hourticolon - Erfolgsstrategien im Verkauf\",\"isPartOf\":{\"@id\":\"https:\/\/erfolgsstrategien-im-verkauf.de\/lp\/#website\"},\"primaryImageOfPage\":{\"@id\":\"https:\/\/erfolgsstrategien-im-verkauf.de\/lp\/karsten-hourticolon\/#primaryimage\"},\"image\":{\"@id\":\"https:\/\/erfolgsstrategien-im-verkauf.de\/lp\/karsten-hourticolon\/#primaryimage\"},\"thumbnailUrl\":\"https:\/\/fast.wistia.com\/embed\/medias\/u0673fryqx\/swatch\",\"datePublished\":\"2019-10-03T21:40:59+00:00\",\"dateModified\":\"2022-07-07T19:50:38+00:00\",\"breadcrumb\":{\"@id\":\"https:\/\/erfolgsstrategien-im-verkauf.de\/lp\/karsten-hourticolon\/#breadcrumb\"},\"inLanguage\":\"de\",\"potentialAction\":[{\"@type\":\"ReadAction\",\"target\":[\"https:\/\/erfolgsstrategien-im-verkauf.de\/lp\/karsten-hourticolon\/\"]}]},{\"@type\":\"ImageObject\",\"inLanguage\":\"de\",\"@id\":\"https:\/\/erfolgsstrategien-im-verkauf.de\/lp\/karsten-hourticolon\/#primaryimage\",\"url\":\"https:\/\/fast.wistia.com\/embed\/medias\/u0673fryqx\/swatch\",\"contentUrl\":\"https:\/\/fast.wistia.com\/embed\/medias\/u0673fryqx\/swatch\"},{\"@type\":\"BreadcrumbList\",\"@id\":\"https:\/\/erfolgsstrategien-im-verkauf.de\/lp\/karsten-hourticolon\/#breadcrumb\",\"itemListElement\":[{\"@type\":\"ListItem\",\"position\":1,\"name\":\"Startseite\",\"item\":\"https:\/\/erfolgsstrategien-im-verkauf.de\/lp\/\"},{\"@type\":\"ListItem\",\"position\":2,\"name\":\"Karsten Hourticolon\"}]},{\"@type\":\"WebSite\",\"@id\":\"https:\/\/erfolgsstrategien-im-verkauf.de\/lp\/#website\",\"url\":\"https:\/\/erfolgsstrategien-im-verkauf.de\/lp\/\",\"name\":\"Erfolgsstrategien im Verkauf\",\"description\":\"\",\"publisher\":{\"@id\":\"https:\/\/erfolgsstrategien-im-verkauf.de\/lp\/#organization\"},\"potentialAction\":[{\"@type\":\"SearchAction\",\"target\":{\"@type\":\"EntryPoint\",\"urlTemplate\":\"https:\/\/erfolgsstrategien-im-verkauf.de\/lp\/?s={search_term_string}\"},\"query-input\":{\"@type\":\"PropertyValueSpecification\",\"valueRequired\":true,\"valueName\":\"search_term_string\"}}],\"inLanguage\":\"de\"},{\"@type\":\"Organization\",\"@id\":\"https:\/\/erfolgsstrategien-im-verkauf.de\/lp\/#organization\",\"name\":\"Erfolgsstrategien im Verkauf\",\"url\":\"https:\/\/erfolgsstrategien-im-verkauf.de\/lp\/\",\"logo\":{\"@type\":\"ImageObject\",\"inLanguage\":\"de\",\"@id\":\"https:\/\/erfolgsstrategien-im-verkauf.de\/lp\/#\/schema\/logo\/image\/\",\"url\":\"https:\/\/erfolgsstrategien-im-verkauf.de\/lp\/wp-content\/uploads\/sites\/2\/2020\/11\/Logo-farbig-mit-Schatten2-400x100-1.png\",\"contentUrl\":\"https:\/\/erfolgsstrategien-im-verkauf.de\/lp\/wp-content\/uploads\/sites\/2\/2020\/11\/Logo-farbig-mit-Schatten2-400x100-1.png\",\"width\":457,\"height\":120,\"caption\":\"Erfolgsstrategien im Verkauf\"},\"image\":{\"@id\":\"https:\/\/erfolgsstrategien-im-verkauf.de\/lp\/#\/schema\/logo\/image\/\"}}]}<\/script>\n<!-- \/ Yoast SEO plugin. -->","yoast_head_json":{"title":"Karsten Hourticolon - Erfolgsstrategien im Verkauf","robots":{"index":"index","follow":"follow","max-snippet":"max-snippet:-1","max-image-preview":"max-image-preview:large","max-video-preview":"max-video-preview:-1"},"canonical":"https:\/\/erfolgsstrategien-im-verkauf.de\/lp\/karsten-hourticolon\/","og_locale":"de_DE","og_type":"article","og_title":"Karsten Hourticolon - Erfolgsstrategien im Verkauf","og_description":"Karsten Hourticolon Sie wollen mehr nachhaltigen Empfehlungserfolg? Mein kompaktes Spezialtraining zur Umsatzsteigerung: Die 4-Schritte-Empfehlungsmethode von Karsten Hourticolon\u00a0&#8211;\u00a0Einfach und kosteng\u00fcnstig neue Gesch\u00e4fte sichern. Schnell umsetzbar. Funktioniert f\u00fcr jeden Verk\u00e4ufer- und Kundentyp. Besondere Aufmerksamkeit Ihrer Kunden ist garantiert. Seien Sie mit Ihrer Sparkasse dabei! Sichern Sie sich das Nachhaltigkeitstraining und die zeitlichen limitierten Zusatzmodule! Hier klicken und [&hellip;]","og_url":"https:\/\/erfolgsstrategien-im-verkauf.de\/lp\/karsten-hourticolon\/","og_site_name":"Erfolgsstrategien im Verkauf","article_modified_time":"2022-07-07T19:50:38+00:00","og_image":[{"url":"https:\/\/fast.wistia.com\/embed\/medias\/u0673fryqx\/swatch","type":"","width":"","height":""}],"twitter_card":"summary_large_image","twitter_misc":{"Gesch\u00e4tzte Lesezeit":"2\u00a0Minuten"},"schema":{"@context":"https:\/\/schema.org","@graph":[{"@type":"WebPage","@id":"https:\/\/erfolgsstrategien-im-verkauf.de\/lp\/karsten-hourticolon\/","url":"https:\/\/erfolgsstrategien-im-verkauf.de\/lp\/karsten-hourticolon\/","name":"Karsten Hourticolon - Erfolgsstrategien im Verkauf","isPartOf":{"@id":"https:\/\/erfolgsstrategien-im-verkauf.de\/lp\/#website"},"primaryImageOfPage":{"@id":"https:\/\/erfolgsstrategien-im-verkauf.de\/lp\/karsten-hourticolon\/#primaryimage"},"image":{"@id":"https:\/\/erfolgsstrategien-im-verkauf.de\/lp\/karsten-hourticolon\/#primaryimage"},"thumbnailUrl":"https:\/\/fast.wistia.com\/embed\/medias\/u0673fryqx\/swatch","datePublished":"2019-10-03T21:40:59+00:00","dateModified":"2022-07-07T19:50:38+00:00","breadcrumb":{"@id":"https:\/\/erfolgsstrategien-im-verkauf.de\/lp\/karsten-hourticolon\/#breadcrumb"},"inLanguage":"de","potentialAction":[{"@type":"ReadAction","target":["https:\/\/erfolgsstrategien-im-verkauf.de\/lp\/karsten-hourticolon\/"]}]},{"@type":"ImageObject","inLanguage":"de","@id":"https:\/\/erfolgsstrategien-im-verkauf.de\/lp\/karsten-hourticolon\/#primaryimage","url":"https:\/\/fast.wistia.com\/embed\/medias\/u0673fryqx\/swatch","contentUrl":"https:\/\/fast.wistia.com\/embed\/medias\/u0673fryqx\/swatch"},{"@type":"BreadcrumbList","@id":"https:\/\/erfolgsstrategien-im-verkauf.de\/lp\/karsten-hourticolon\/#breadcrumb","itemListElement":[{"@type":"ListItem","position":1,"name":"Startseite","item":"https:\/\/erfolgsstrategien-im-verkauf.de\/lp\/"},{"@type":"ListItem","position":2,"name":"Karsten Hourticolon"}]},{"@type":"WebSite","@id":"https:\/\/erfolgsstrategien-im-verkauf.de\/lp\/#website","url":"https:\/\/erfolgsstrategien-im-verkauf.de\/lp\/","name":"Erfolgsstrategien im Verkauf","description":"","publisher":{"@id":"https:\/\/erfolgsstrategien-im-verkauf.de\/lp\/#organization"},"potentialAction":[{"@type":"SearchAction","target":{"@type":"EntryPoint","urlTemplate":"https:\/\/erfolgsstrategien-im-verkauf.de\/lp\/?s={search_term_string}"},"query-input":{"@type":"PropertyValueSpecification","valueRequired":true,"valueName":"search_term_string"}}],"inLanguage":"de"},{"@type":"Organization","@id":"https:\/\/erfolgsstrategien-im-verkauf.de\/lp\/#organization","name":"Erfolgsstrategien im Verkauf","url":"https:\/\/erfolgsstrategien-im-verkauf.de\/lp\/","logo":{"@type":"ImageObject","inLanguage":"de","@id":"https:\/\/erfolgsstrategien-im-verkauf.de\/lp\/#\/schema\/logo\/image\/","url":"https:\/\/erfolgsstrategien-im-verkauf.de\/lp\/wp-content\/uploads\/sites\/2\/2020\/11\/Logo-farbig-mit-Schatten2-400x100-1.png","contentUrl":"https:\/\/erfolgsstrategien-im-verkauf.de\/lp\/wp-content\/uploads\/sites\/2\/2020\/11\/Logo-farbig-mit-Schatten2-400x100-1.png","width":457,"height":120,"caption":"Erfolgsstrategien im Verkauf"},"image":{"@id":"https:\/\/erfolgsstrategien-im-verkauf.de\/lp\/#\/schema\/logo\/image\/"}}]}},"_links":{"self":[{"href":"https:\/\/erfolgsstrategien-im-verkauf.de\/lp\/wp-json\/wp\/v2\/pages\/189","targetHints":{"allow":["GET"]}}],"collection":[{"href":"https:\/\/erfolgsstrategien-im-verkauf.de\/lp\/wp-json\/wp\/v2\/pages"}],"about":[{"href":"https:\/\/erfolgsstrategien-im-verkauf.de\/lp\/wp-json\/wp\/v2\/types\/page"}],"author":[{"embeddable":true,"href":"https:\/\/erfolgsstrategien-im-verkauf.de\/lp\/wp-json\/wp\/v2\/users\/1"}],"replies":[{"embeddable":true,"href":"https:\/\/erfolgsstrategien-im-verkauf.de\/lp\/wp-json\/wp\/v2\/comments?post=189"}],"version-history":[{"count":11,"href":"https:\/\/erfolgsstrategien-im-verkauf.de\/lp\/wp-json\/wp\/v2\/pages\/189\/revisions"}],"predecessor-version":[{"id":1230,"href":"https:\/\/erfolgsstrategien-im-verkauf.de\/lp\/wp-json\/wp\/v2\/pages\/189\/revisions\/1230"}],"wp:attachment":[{"href":"https:\/\/erfolgsstrategien-im-verkauf.de\/lp\/wp-json\/wp\/v2\/media?parent=189"}],"curies":[{"name":"wp","href":"https:\/\/api.w.org\/{rel}","templated":true}]}}