{"id":1037,"date":"2021-10-28T17:35:57","date_gmt":"2021-10-28T15:35:57","guid":{"rendered":"https:\/\/erfolgsstrategien-im-verkauf.de\/lp\/?page_id=1037"},"modified":"2021-10-28T17:39:37","modified_gmt":"2021-10-28T15:39:37","slug":"kopie-von-strategiegespraech","status":"publish","type":"page","link":"https:\/\/erfolgsstrategien-im-verkauf.de\/lp\/kopie-von-strategiegespraech\/","title":{"rendered":"Strategiegespr\u00e4ch2"},"content":{"rendered":"\t\t<div data-elementor-type=\"wp-page\" data-elementor-id=\"1037\" class=\"elementor elementor-1037\">\n\t\t\t\t\t\t<section class=\"elementor-section elementor-top-section elementor-element elementor-element-12582951 elementor-section-boxed elementor-section-height-default elementor-section-height-default\" data-id=\"12582951\" data-element_type=\"section\" data-e-type=\"section\">\n\t\t\t\t\t\t<div class=\"elementor-container elementor-column-gap-default\">\n\t\t\t\t\t<div class=\"elementor-column elementor-col-100 elementor-top-column elementor-element elementor-element-4688bffa\" data-id=\"4688bffa\" data-element_type=\"column\" data-e-type=\"column\">\n\t\t\t<div class=\"elementor-widget-wrap elementor-element-populated\">\n\t\t\t\t\t\t<div class=\"elementor-element elementor-element-39e8c41f elementor-widget elementor-widget-spacer\" data-id=\"39e8c41f\" data-element_type=\"widget\" data-e-type=\"widget\" data-widget_type=\"spacer.default\">\n\t\t\t\t<div class=\"elementor-widget-container\">\n\t\t\t\t\t\t\t<div class=\"elementor-spacer\">\n\t\t\t<div class=\"elementor-spacer-inner\"><\/div>\n\t\t<\/div>\n\t\t\t\t\t\t<\/div>\n\t\t\t\t<\/div>\n\t\t\t\t<div class=\"elementor-element elementor-element-19aeb61b elementor-widget elementor-widget-heading\" data-id=\"19aeb61b\" data-element_type=\"widget\" data-e-type=\"widget\" data-widget_type=\"heading.default\">\n\t\t\t\t<div class=\"elementor-widget-container\">\n\t\t\t\t\t<h1 class=\"elementor-heading-title elementor-size-default\">Strategiegespr\u00e4ch am Telefon<\/h1>\t\t\t\t<\/div>\n\t\t\t\t<\/div>\n\t\t\t\t<div class=\"elementor-element elementor-element-2220b883 elementor-widget elementor-widget-heading\" data-id=\"2220b883\" data-element_type=\"widget\" data-e-type=\"widget\" data-widget_type=\"heading.default\">\n\t\t\t\t<div class=\"elementor-widget-container\">\n\t\t\t\t\t<h4 class=\"elementor-heading-title elementor-size-default\">Gratis-Check-up f\u00fcr Profis und Newcomer<\/h4>\t\t\t\t<\/div>\n\t\t\t\t<\/div>\n\t\t\t\t<div class=\"elementor-element elementor-element-218ac224 elementor-widget elementor-widget-spacer\" data-id=\"218ac224\" data-element_type=\"widget\" data-e-type=\"widget\" data-widget_type=\"spacer.default\">\n\t\t\t\t<div class=\"elementor-widget-container\">\n\t\t\t\t\t\t\t<div class=\"elementor-spacer\">\n\t\t\t<div class=\"elementor-spacer-inner\"><\/div>\n\t\t<\/div>\n\t\t\t\t\t\t<\/div>\n\t\t\t\t<\/div>\n\t\t\t\t<div class=\"elementor-element elementor-element-48fe4478 elementor-widget elementor-widget-text-editor\" data-id=\"48fe4478\" data-element_type=\"widget\" data-e-type=\"widget\" data-widget_type=\"text-editor.default\">\n\t\t\t\t<div class=\"elementor-widget-container\">\n\t\t\t\t\t\t\t\t\t<p><b>Keine Lust auf Stillstand?<\/b><\/p><p>Gut so. Denn, wer in der heutigen Welt schneller Ver\u00e4nderungen, neuer Anforderungen und steigender Erwartungen stehen bleibt, bekommt \u00fcber kurz oder lang ein Problem:<\/p><ul><li style=\"font-weight: 400\"><span style=\"font-weight: 400\">Sich \u00fcberfl\u00fcssig oder \u00fcberfordert f\u00fchlen<\/span><\/li><li style=\"font-weight: 400\"><span style=\"font-weight: 400\">Zeit- und Aufgabenstress mit sich und anderen<\/span><\/li><li style=\"font-weight: 400\"><span style=\"font-weight: 400\">Zutrauen in die eigene Person verlieren<\/span><\/li><li style=\"font-weight: 400\"><span style=\"font-weight: 400\">Hoffnungs- und Perspektivlosigkeit empfinden<\/span><\/li><\/ul><p><b>\u00a0<\/b><\/p><p><b>Die Welt au\u00dferhalb unserer Komfortzonen h\u00e4lt verbl\u00fcffend viel f\u00fcr uns bereit!<\/b><\/p><p>Umso wichtiger ist es, das Heft in die Hand zu nehmen, das Bewusstsein zu sch\u00e4rfen, Neues zu denken und eine gr\u00f6\u00dfere Vielfalt an Worten und Vorgehensweisen aufzubauen.<\/p><p>Ich helfe Dir, Deinen Weg zu finden und zu gestalten, sodass Du mit Freude und Leichtigkeit Deine pers\u00f6nlichen und beruflichen Ziele erreichst und viele erf\u00fcllte Momente erlebst.<\/p><p>Das Strategiegespr\u00e4ch ist der Startpunkt, um Kr\u00e4fte und Ressourcen auszurichten:<\/p><ol><li style=\"font-weight: 400\"><span style=\"font-weight: 400\"><strong>IST:<\/strong> Was erlebst Du als schwierig, herausfordernd, verbesserungsw\u00fcrdig?<\/span><\/li><li style=\"font-weight: 400\"><span style=\"font-weight: 400\"><strong>SOLL:<\/strong> Was strebst Du an?<\/span><\/li><li style=\"font-weight: 400\"><span style=\"font-weight: 400\"><strong>WEG:<\/strong> Was hast Du bereits unternommen?<\/span><\/li><\/ol><p>\u00a0<\/p><p>Du erh\u00e4ltst die ersten wertvollen Impulse von mir, damit Dein pers\u00f6nliches Ver\u00e4nderungsprojekt von Erfolg gekr\u00f6nt ist.<\/p>\t\t\t\t\t\t\t\t<\/div>\n\t\t\t\t<\/div>\n\t\t\t\t<div class=\"elementor-element elementor-element-fffc607 elementor-widget elementor-widget-spacer\" data-id=\"fffc607\" data-element_type=\"widget\" data-e-type=\"widget\" data-widget_type=\"spacer.default\">\n\t\t\t\t<div class=\"elementor-widget-container\">\n\t\t\t\t\t\t\t<div class=\"elementor-spacer\">\n\t\t\t<div class=\"elementor-spacer-inner\"><\/div>\n\t\t<\/div>\n\t\t\t\t\t\t<\/div>\n\t\t\t\t<\/div>\n\t\t\t\t<div class=\"elementor-element elementor-element-5f51dda4 elementor-widget elementor-widget-heading\" data-id=\"5f51dda4\" data-element_type=\"widget\" data-e-type=\"widget\" data-widget_type=\"heading.default\">\n\t\t\t\t<div class=\"elementor-widget-container\">\n\t\t\t\t\t<h4 class=\"elementor-heading-title elementor-size-default\">W\u00e4hle jetzt Deinen Wunschtermin<\/h4>\t\t\t\t<\/div>\n\t\t\t\t<\/div>\n\t\t\t\t<section class=\"elementor-section elementor-inner-section elementor-element elementor-element-42d11c8a elementor-section-boxed elementor-section-height-default elementor-section-height-default\" data-id=\"42d11c8a\" data-element_type=\"section\" data-e-type=\"section\">\n\t\t\t\t\t\t<div class=\"elementor-container elementor-column-gap-default\">\n\t\t\t\t\t<div class=\"elementor-column elementor-col-33 elementor-inner-column elementor-element elementor-element-9b3f789\" data-id=\"9b3f789\" data-element_type=\"column\" data-e-type=\"column\">\n\t\t\t<div class=\"elementor-widget-wrap elementor-element-populated\">\n\t\t\t\t\t\t<div class=\"elementor-element elementor-element-3fa34e6f elementor-widget elementor-widget-heading\" data-id=\"3fa34e6f\" data-element_type=\"widget\" data-e-type=\"widget\" data-widget_type=\"heading.default\">\n\t\t\t\t<div class=\"elementor-widget-container\">\n\t\t\t\t\t<h4 class=\"elementor-heading-title elementor-size-default\">Strategieberatung mit:<\/h4>\t\t\t\t<\/div>\n\t\t\t\t<\/div>\n\t\t\t\t<div class=\"elementor-element elementor-element-cf24f0c elementor-author-box--layout-image-above elementor-author-box--align-center elementor-widget elementor-widget-author-box\" data-id=\"cf24f0c\" data-element_type=\"widget\" data-e-type=\"widget\" data-widget_type=\"author-box.default\">\n\t\t\t\t<div class=\"elementor-widget-container\">\n\t\t\t\t\t\t\t<div class=\"elementor-author-box\">\n\t\t\t\t\t\t\t<div  class=\"elementor-author-box__avatar\">\n\t\t\t\t\t<img decoding=\"async\" src=\"https:\/\/erfolgsstrategien-im-verkauf.de\/lp\/wp-content\/uploads\/sites\/2\/2020\/10\/Karsten-Hourticolon-273x300.jpg\" alt=\"Karsten Hourticolon\">\n\t\t\t\t<\/div>\n\t\t\t\n\t\t\t<div class=\"elementor-author-box__text\">\n\t\t\t\t\t\t\t\t\t<div >\n\t\t\t\t\t\t<h6 class=\"elementor-author-box__name\">\n\t\t\t\t\t\t\tKarsten Hourticolon\t\t\t\t\t\t<\/h6>\n\t\t\t\t\t<\/div>\n\t\t\t\t\n\t\t\t\t\n\t\t\t\t\t\t\t<\/div>\n\t\t<\/div>\n\t\t\t\t\t\t<\/div>\n\t\t\t\t<\/div>\n\t\t\t\t<div class=\"elementor-element elementor-element-7c4b53fe elementor-icon-list--layout-traditional elementor-list-item-link-full_width elementor-widget elementor-widget-icon-list\" data-id=\"7c4b53fe\" data-element_type=\"widget\" data-e-type=\"widget\" data-widget_type=\"icon-list.default\">\n\t\t\t\t<div class=\"elementor-widget-container\">\n\t\t\t\t\t\t\t<ul class=\"elementor-icon-list-items\">\n\t\t\t\t\t\t\t<li class=\"elementor-icon-list-item\">\n\t\t\t\t\t\t\t\t\t\t\t<span class=\"elementor-icon-list-icon\">\n\t\t\t\t\t\t\t<i aria-hidden=\"true\" class=\"fas fa-phone\"><\/i>\t\t\t\t\t\t<\/span>\n\t\t\t\t\t\t\t\t\t\t<span class=\"elementor-icon-list-text\">030-516 54 815\/816<\/span>\n\t\t\t\t\t\t\t\t\t<\/li>\n\t\t\t\t\t\t\t\t<li class=\"elementor-icon-list-item\">\n\t\t\t\t\t\t\t\t\t\t\t<span class=\"elementor-icon-list-icon\">\n\t\t\t\t\t\t\t<i aria-hidden=\"true\" class=\"fas fa-envelope\"><\/i>\t\t\t\t\t\t<\/span>\n\t\t\t\t\t\t\t\t\t\t<span class=\"elementor-icon-list-text\">info@praxistraining-digital.de<\/span>\n\t\t\t\t\t\t\t\t\t<\/li>\n\t\t\t\t\t\t<\/ul>\n\t\t\t\t\t\t<\/div>\n\t\t\t\t<\/div>\n\t\t\t\t<div class=\"elementor-element elementor-element-2640af1f elementor-widget elementor-widget-heading\" data-id=\"2640af1f\" data-element_type=\"widget\" data-e-type=\"widget\" data-widget_type=\"heading.default\">\n\t\t\t\t<div class=\"elementor-widget-container\">\n\t\t\t\t\t<div class=\"elementor-heading-title elementor-size-default\">In 3 einfachen Schritten zum Wunschtermin:<\/div>\t\t\t\t<\/div>\n\t\t\t\t<\/div>\n\t\t\t\t<div class=\"elementor-element elementor-element-4354f199 elementor-widget elementor-widget-text-editor\" data-id=\"4354f199\" data-element_type=\"widget\" data-e-type=\"widget\" data-widget_type=\"text-editor.default\">\n\t\t\t\t<div class=\"elementor-widget-container\">\n\t\t\t\t\t\t\t\t\t<ol>\n<li style=\"font-size: 16px;\">Datum und Uhrzeit w\u00e4hlen<\/li>\n<li>Kontaktdaten eingeben\/pr\u00fcfen<br><\/li>\n<li>Best\u00e4tigung per E-Mail erhalten<br><\/li>\n<\/ol>\t\t\t\t\t\t\t\t<\/div>\n\t\t\t\t<\/div>\n\t\t\t\t\t<\/div>\n\t\t<\/div>\n\t\t\t\t<div class=\"elementor-column elementor-col-66 elementor-inner-column elementor-element elementor-element-1d260a33\" data-id=\"1d260a33\" data-element_type=\"column\" data-e-type=\"column\">\n\t\t\t<div class=\"elementor-widget-wrap elementor-element-populated\">\n\t\t\t\t\t\t<div class=\"elementor-element elementor-element-767919dd elementor-widget elementor-widget-html\" data-id=\"767919dd\" data-element_type=\"widget\" data-e-type=\"widget\" data-widget_type=\"html.default\">\n\t\t\t\t<div class=\"elementor-widget-container\">\n\t\t\t\t\t<iframe src=\"https:\/\/app.acuityscheduling.com\/schedule.php?owner=18542039&appointmentType=11911285\" title=\"Termin vereinbaren\" width=\"100%\" height=\"800\" frameBorder=\"0\"><\/iframe><script src=\"https:\/\/embed.acuityscheduling.com\/js\/embed.js\" type=\"text\/javascript\"><\/script>\t\t\t\t<\/div>\n\t\t\t\t<\/div>\n\t\t\t\t\t<\/div>\n\t\t<\/div>\n\t\t\t\t\t<\/div>\n\t\t<\/section>\n\t\t\t\t<div class=\"elementor-element elementor-element-7dde75e elementor-widget elementor-widget-spacer\" data-id=\"7dde75e\" data-element_type=\"widget\" data-e-type=\"widget\" data-widget_type=\"spacer.default\">\n\t\t\t\t<div class=\"elementor-widget-container\">\n\t\t\t\t\t\t\t<div class=\"elementor-spacer\">\n\t\t\t<div class=\"elementor-spacer-inner\"><\/div>\n\t\t<\/div>\n\t\t\t\t\t\t<\/div>\n\t\t\t\t<\/div>\n\t\t\t\t\t<\/div>\n\t\t<\/div>\n\t\t\t\t\t<\/div>\n\t\t<\/section>\n\t\t\t\t<section class=\"elementor-section elementor-top-section elementor-element elementor-element-55dcd609 elementor-section-boxed elementor-section-height-default elementor-section-height-default\" data-id=\"55dcd609\" data-element_type=\"section\" data-e-type=\"section\">\n\t\t\t\t\t\t<div class=\"elementor-container elementor-column-gap-default\">\n\t\t\t\t\t<div class=\"elementor-column elementor-col-100 elementor-top-column elementor-element elementor-element-69afeabf\" data-id=\"69afeabf\" data-element_type=\"column\" data-e-type=\"column\">\n\t\t\t<div class=\"elementor-widget-wrap\">\n\t\t\t\t\t\t\t<\/div>\n\t\t<\/div>\n\t\t\t\t\t<\/div>\n\t\t<\/section>\n\t\t\t\t<\/div>\n\t\t","protected":false},"excerpt":{"rendered":"<p>Strategiegespr\u00e4ch am Telefon Gratis-Check-up f\u00fcr Profis und Newcomer Keine Lust auf Stillstand? Gut so. Denn, wer in der heutigen Welt schneller Ver\u00e4nderungen, neuer Anforderungen und steigender Erwartungen stehen bleibt, bekommt \u00fcber kurz oder lang ein Problem: Sich \u00fcberfl\u00fcssig oder \u00fcberfordert f\u00fchlen Zeit- und Aufgabenstress mit sich und anderen Zutrauen in die eigene Person verlieren Hoffnungs- [&hellip;]<\/p>\n","protected":false},"author":1,"featured_media":0,"parent":0,"menu_order":0,"comment_status":"closed","ping_status":"closed","template":"","meta":{"inline_featured_image":false,"footnotes":""},"class_list":["post-1037","page","type-page","status-publish","hentry"],"yoast_head":"<!-- This site is optimized with the Yoast SEO plugin v26.8 - https:\/\/yoast.com\/product\/yoast-seo-wordpress\/ -->\n<title>Strategiegespr\u00e4ch2 - Erfolgsstrategien im Verkauf<\/title>\n<meta name=\"robots\" content=\"index, follow, max-snippet:-1, max-image-preview:large, max-video-preview:-1\" \/>\n<link rel=\"canonical\" href=\"https:\/\/erfolgsstrategien-im-verkauf.de\/lp\/kopie-von-strategiegespraech\/\" \/>\n<meta property=\"og:locale\" content=\"de_DE\" \/>\n<meta property=\"og:type\" content=\"article\" \/>\n<meta property=\"og:title\" content=\"Strategiegespr\u00e4ch2 - Erfolgsstrategien im Verkauf\" \/>\n<meta property=\"og:description\" content=\"Strategiegespr\u00e4ch am Telefon Gratis-Check-up f\u00fcr Profis und Newcomer Keine Lust auf Stillstand? Gut so. Denn, wer in der heutigen Welt schneller Ver\u00e4nderungen, neuer Anforderungen und steigender Erwartungen stehen bleibt, bekommt \u00fcber kurz oder lang ein Problem: Sich \u00fcberfl\u00fcssig oder \u00fcberfordert f\u00fchlen Zeit- und Aufgabenstress mit sich und anderen Zutrauen in die eigene Person verlieren Hoffnungs- [&hellip;]\" \/>\n<meta property=\"og:url\" content=\"https:\/\/erfolgsstrategien-im-verkauf.de\/lp\/kopie-von-strategiegespraech\/\" \/>\n<meta property=\"og:site_name\" content=\"Erfolgsstrategien im Verkauf\" \/>\n<meta property=\"article:modified_time\" content=\"2021-10-28T15:39:37+00:00\" \/>\n<meta name=\"twitter:card\" content=\"summary_large_image\" \/>\n<meta name=\"twitter:label1\" content=\"Gesch\u00e4tzte Lesezeit\" \/>\n\t<meta name=\"twitter:data1\" content=\"1\u00a0Minute\" \/>\n<script type=\"application\/ld+json\" class=\"yoast-schema-graph\">{\"@context\":\"https:\/\/schema.org\",\"@graph\":[{\"@type\":\"WebPage\",\"@id\":\"https:\/\/erfolgsstrategien-im-verkauf.de\/lp\/kopie-von-strategiegespraech\/\",\"url\":\"https:\/\/erfolgsstrategien-im-verkauf.de\/lp\/kopie-von-strategiegespraech\/\",\"name\":\"Strategiegespr\u00e4ch2 - Erfolgsstrategien im Verkauf\",\"isPartOf\":{\"@id\":\"https:\/\/erfolgsstrategien-im-verkauf.de\/lp\/#website\"},\"datePublished\":\"2021-10-28T15:35:57+00:00\",\"dateModified\":\"2021-10-28T15:39:37+00:00\",\"breadcrumb\":{\"@id\":\"https:\/\/erfolgsstrategien-im-verkauf.de\/lp\/kopie-von-strategiegespraech\/#breadcrumb\"},\"inLanguage\":\"de\",\"potentialAction\":[{\"@type\":\"ReadAction\",\"target\":[\"https:\/\/erfolgsstrategien-im-verkauf.de\/lp\/kopie-von-strategiegespraech\/\"]}]},{\"@type\":\"BreadcrumbList\",\"@id\":\"https:\/\/erfolgsstrategien-im-verkauf.de\/lp\/kopie-von-strategiegespraech\/#breadcrumb\",\"itemListElement\":[{\"@type\":\"ListItem\",\"position\":1,\"name\":\"Startseite\",\"item\":\"https:\/\/erfolgsstrategien-im-verkauf.de\/lp\/\"},{\"@type\":\"ListItem\",\"position\":2,\"name\":\"Strategiegespr\u00e4ch2\"}]},{\"@type\":\"WebSite\",\"@id\":\"https:\/\/erfolgsstrategien-im-verkauf.de\/lp\/#website\",\"url\":\"https:\/\/erfolgsstrategien-im-verkauf.de\/lp\/\",\"name\":\"Erfolgsstrategien im Verkauf\",\"description\":\"\",\"publisher\":{\"@id\":\"https:\/\/erfolgsstrategien-im-verkauf.de\/lp\/#organization\"},\"potentialAction\":[{\"@type\":\"SearchAction\",\"target\":{\"@type\":\"EntryPoint\",\"urlTemplate\":\"https:\/\/erfolgsstrategien-im-verkauf.de\/lp\/?s={search_term_string}\"},\"query-input\":{\"@type\":\"PropertyValueSpecification\",\"valueRequired\":true,\"valueName\":\"search_term_string\"}}],\"inLanguage\":\"de\"},{\"@type\":\"Organization\",\"@id\":\"https:\/\/erfolgsstrategien-im-verkauf.de\/lp\/#organization\",\"name\":\"Erfolgsstrategien im Verkauf\",\"url\":\"https:\/\/erfolgsstrategien-im-verkauf.de\/lp\/\",\"logo\":{\"@type\":\"ImageObject\",\"inLanguage\":\"de\",\"@id\":\"https:\/\/erfolgsstrategien-im-verkauf.de\/lp\/#\/schema\/logo\/image\/\",\"url\":\"https:\/\/erfolgsstrategien-im-verkauf.de\/lp\/wp-content\/uploads\/sites\/2\/2020\/11\/Logo-farbig-mit-Schatten2-400x100-1.png\",\"contentUrl\":\"https:\/\/erfolgsstrategien-im-verkauf.de\/lp\/wp-content\/uploads\/sites\/2\/2020\/11\/Logo-farbig-mit-Schatten2-400x100-1.png\",\"width\":457,\"height\":120,\"caption\":\"Erfolgsstrategien im Verkauf\"},\"image\":{\"@id\":\"https:\/\/erfolgsstrategien-im-verkauf.de\/lp\/#\/schema\/logo\/image\/\"}}]}<\/script>\n<!-- \/ Yoast SEO plugin. -->","yoast_head_json":{"title":"Strategiegespr\u00e4ch2 - Erfolgsstrategien im Verkauf","robots":{"index":"index","follow":"follow","max-snippet":"max-snippet:-1","max-image-preview":"max-image-preview:large","max-video-preview":"max-video-preview:-1"},"canonical":"https:\/\/erfolgsstrategien-im-verkauf.de\/lp\/kopie-von-strategiegespraech\/","og_locale":"de_DE","og_type":"article","og_title":"Strategiegespr\u00e4ch2 - Erfolgsstrategien im Verkauf","og_description":"Strategiegespr\u00e4ch am Telefon Gratis-Check-up f\u00fcr Profis und Newcomer Keine Lust auf Stillstand? Gut so. Denn, wer in der heutigen Welt schneller Ver\u00e4nderungen, neuer Anforderungen und steigender Erwartungen stehen bleibt, bekommt \u00fcber kurz oder lang ein Problem: Sich \u00fcberfl\u00fcssig oder \u00fcberfordert f\u00fchlen Zeit- und Aufgabenstress mit sich und anderen Zutrauen in die eigene Person verlieren Hoffnungs- [&hellip;]","og_url":"https:\/\/erfolgsstrategien-im-verkauf.de\/lp\/kopie-von-strategiegespraech\/","og_site_name":"Erfolgsstrategien im Verkauf","article_modified_time":"2021-10-28T15:39:37+00:00","twitter_card":"summary_large_image","twitter_misc":{"Gesch\u00e4tzte Lesezeit":"1\u00a0Minute"},"schema":{"@context":"https:\/\/schema.org","@graph":[{"@type":"WebPage","@id":"https:\/\/erfolgsstrategien-im-verkauf.de\/lp\/kopie-von-strategiegespraech\/","url":"https:\/\/erfolgsstrategien-im-verkauf.de\/lp\/kopie-von-strategiegespraech\/","name":"Strategiegespr\u00e4ch2 - Erfolgsstrategien im Verkauf","isPartOf":{"@id":"https:\/\/erfolgsstrategien-im-verkauf.de\/lp\/#website"},"datePublished":"2021-10-28T15:35:57+00:00","dateModified":"2021-10-28T15:39:37+00:00","breadcrumb":{"@id":"https:\/\/erfolgsstrategien-im-verkauf.de\/lp\/kopie-von-strategiegespraech\/#breadcrumb"},"inLanguage":"de","potentialAction":[{"@type":"ReadAction","target":["https:\/\/erfolgsstrategien-im-verkauf.de\/lp\/kopie-von-strategiegespraech\/"]}]},{"@type":"BreadcrumbList","@id":"https:\/\/erfolgsstrategien-im-verkauf.de\/lp\/kopie-von-strategiegespraech\/#breadcrumb","itemListElement":[{"@type":"ListItem","position":1,"name":"Startseite","item":"https:\/\/erfolgsstrategien-im-verkauf.de\/lp\/"},{"@type":"ListItem","position":2,"name":"Strategiegespr\u00e4ch2"}]},{"@type":"WebSite","@id":"https:\/\/erfolgsstrategien-im-verkauf.de\/lp\/#website","url":"https:\/\/erfolgsstrategien-im-verkauf.de\/lp\/","name":"Erfolgsstrategien im Verkauf","description":"","publisher":{"@id":"https:\/\/erfolgsstrategien-im-verkauf.de\/lp\/#organization"},"potentialAction":[{"@type":"SearchAction","target":{"@type":"EntryPoint","urlTemplate":"https:\/\/erfolgsstrategien-im-verkauf.de\/lp\/?s={search_term_string}"},"query-input":{"@type":"PropertyValueSpecification","valueRequired":true,"valueName":"search_term_string"}}],"inLanguage":"de"},{"@type":"Organization","@id":"https:\/\/erfolgsstrategien-im-verkauf.de\/lp\/#organization","name":"Erfolgsstrategien im Verkauf","url":"https:\/\/erfolgsstrategien-im-verkauf.de\/lp\/","logo":{"@type":"ImageObject","inLanguage":"de","@id":"https:\/\/erfolgsstrategien-im-verkauf.de\/lp\/#\/schema\/logo\/image\/","url":"https:\/\/erfolgsstrategien-im-verkauf.de\/lp\/wp-content\/uploads\/sites\/2\/2020\/11\/Logo-farbig-mit-Schatten2-400x100-1.png","contentUrl":"https:\/\/erfolgsstrategien-im-verkauf.de\/lp\/wp-content\/uploads\/sites\/2\/2020\/11\/Logo-farbig-mit-Schatten2-400x100-1.png","width":457,"height":120,"caption":"Erfolgsstrategien im Verkauf"},"image":{"@id":"https:\/\/erfolgsstrategien-im-verkauf.de\/lp\/#\/schema\/logo\/image\/"}}]}},"_links":{"self":[{"href":"https:\/\/erfolgsstrategien-im-verkauf.de\/lp\/wp-json\/wp\/v2\/pages\/1037","targetHints":{"allow":["GET"]}}],"collection":[{"href":"https:\/\/erfolgsstrategien-im-verkauf.de\/lp\/wp-json\/wp\/v2\/pages"}],"about":[{"href":"https:\/\/erfolgsstrategien-im-verkauf.de\/lp\/wp-json\/wp\/v2\/types\/page"}],"author":[{"embeddable":true,"href":"https:\/\/erfolgsstrategien-im-verkauf.de\/lp\/wp-json\/wp\/v2\/users\/1"}],"replies":[{"embeddable":true,"href":"https:\/\/erfolgsstrategien-im-verkauf.de\/lp\/wp-json\/wp\/v2\/comments?post=1037"}],"version-history":[{"count":11,"href":"https:\/\/erfolgsstrategien-im-verkauf.de\/lp\/wp-json\/wp\/v2\/pages\/1037\/revisions"}],"predecessor-version":[{"id":1049,"href":"https:\/\/erfolgsstrategien-im-verkauf.de\/lp\/wp-json\/wp\/v2\/pages\/1037\/revisions\/1049"}],"wp:attachment":[{"href":"https:\/\/erfolgsstrategien-im-verkauf.de\/lp\/wp-json\/wp\/v2\/media?parent=1037"}],"curies":[{"name":"wp","href":"https:\/\/api.w.org\/{rel}","templated":true}]}}